{"id":157,"date":"2020-09-01T09:47:49","date_gmt":"2020-09-01T09:47:49","guid":{"rendered":"https:\/\/lexis.avionicsalescorporation.com\/?page_id=157"},"modified":"2024-11-05T11:56:54","modified_gmt":"2024-11-05T11:56:54","slug":"partneri","status":"publish","type":"page","link":"https:\/\/lexis.rs\/en\/partneri\/","title":{"rendered":"Partners and associates"},"content":{"rendered":"<div data-elementor-type=\"wp-page\" data-elementor-id=\"157\" class=\"elementor elementor-157\">\n\t\t\t\t\t\t<section class=\"elementor-section elementor-top-section elementor-element elementor-element-1e28c13 elementor-section-height-min-height elementor-section-boxed elementor-section-height-default elementor-section-items-middle\" data-id=\"1e28c13\" data-element_type=\"section\" data-settings=\"{&quot;background_background&quot;:&quot;classic&quot;}\">\n\t\t\t\t\t\t<div class=\"elementor-container elementor-column-gap-default\">\n\t\t\t\t\t<div class=\"elementor-column elementor-col-100 elementor-top-column elementor-element elementor-element-d25c627\" data-id=\"d25c627\" data-element_type=\"column\" data-settings=\"{&quot;background_background&quot;:&quot;classic&quot;}\">\n\t\t\t<div class=\"elementor-widget-wrap elementor-element-populated\">\n\t\t\t\t\t\t<div class=\"elementor-element elementor-element-abdfcb6 elementor-widget elementor-widget-text-editor\" data-id=\"abdfcb6\" data-element_type=\"widget\" data-widget_type=\"text-editor.default\">\n\t\t\t\t<div class=\"elementor-widget-container\">\n\t\t\t\t\t\t\t\t\t<p>The partners of the Lexis Centre include nurseries and schools, both local and international, as well as domestic and foreign organisations. Among others, we have formal partnerships with<\/p>\t\t\t\t\t\t\t\t<\/div>\n\t\t\t\t<\/div>\n\t\t\t\t<section class=\"elementor-section elementor-inner-section elementor-element elementor-element-b6079ca elementor-section-boxed elementor-section-height-default elementor-section-height-default\" data-id=\"b6079ca\" data-element_type=\"section\">\n\t\t\t\t\t\t<div class=\"elementor-container elementor-column-gap-default\">\n\t\t\t\t\t<div class=\"elementor-column elementor-col-20 elementor-inner-column elementor-element elementor-element-9eba36c\" data-id=\"9eba36c\" data-element_type=\"column\">\n\t\t\t<div class=\"elementor-widget-wrap elementor-element-populated\">\n\t\t\t\t\t\t<div class=\"elementor-element elementor-element-93275e2 elementor-widget elementor-widget-heading\" data-id=\"93275e2\" data-element_type=\"widget\" data-widget_type=\"heading.default\">\n\t\t\t\t<div class=\"elementor-widget-container\">\n\t\t\t\t\t<h2 class=\"elementor-heading-title elementor-size-default\"><a href=\"https:\/\/prima.edu.rs\/\" target=\"_blank\">PRIMA INTERNATIONAL SCHOOL<\/a><\/h2>\t\t\t\t<\/div>\n\t\t\t\t<\/div>\n\t\t\t\t\t<\/div>\n\t\t<\/div>\n\t\t\t\t<div class=\"elementor-column elementor-col-20 elementor-inner-column elementor-element elementor-element-dd7a2ac\" data-id=\"dd7a2ac\" data-element_type=\"column\">\n\t\t\t<div class=\"elementor-widget-wrap elementor-element-populated\">\n\t\t\t\t\t\t<div class=\"elementor-element elementor-element-57a5fa2 elementor-widget elementor-widget-heading\" data-id=\"57a5fa2\" data-element_type=\"widget\" data-widget_type=\"heading.default\">\n\t\t\t\t<div class=\"elementor-widget-container\">\n\t\t\t\t\t<h2 class=\"elementor-heading-title elementor-size-default\"><a href=\"http:\/\/madebydyslexia.org\/\" target=\"_blank\">mADE BY DYSLEXIA<\/a><\/h2>\t\t\t\t<\/div>\n\t\t\t\t<\/div>\n\t\t\t\t\t<\/div>\n\t\t<\/div>\n\t\t\t\t<div class=\"elementor-column elementor-col-20 elementor-inner-column elementor-element elementor-element-6d79365\" data-id=\"6d79365\" data-element_type=\"column\">\n\t\t\t<div class=\"elementor-widget-wrap elementor-element-populated\">\n\t\t\t\t\t\t<div class=\"elementor-element elementor-element-4adfd30 elementor-widget elementor-widget-heading\" data-id=\"4adfd30\" data-element_type=\"widget\" data-widget_type=\"heading.default\">\n\t\t\t\t<div class=\"elementor-widget-container\">\n\t\t\t\t\t<h2 class=\"elementor-heading-title elementor-size-default\"><a href=\"https:\/\/www.qvictorias.com\/\" target=\"_blank\">queen Victoria<\/a><\/h2>\t\t\t\t<\/div>\n\t\t\t\t<\/div>\n\t\t\t\t\t<\/div>\n\t\t<\/div>\n\t\t\t\t<div class=\"elementor-column elementor-col-20 elementor-inner-column elementor-element elementor-element-4949a10\" data-id=\"4949a10\" data-element_type=\"column\">\n\t\t\t<div class=\"elementor-widget-wrap elementor-element-populated\">\n\t\t\t\t\t\t<div class=\"elementor-element elementor-element-5c22ee3 elementor-widget elementor-widget-heading\" data-id=\"5c22ee3\" data-element_type=\"widget\" data-widget_type=\"heading.default\">\n\t\t\t\t<div class=\"elementor-widget-container\">\n\t\t\t\t\t<h2 class=\"elementor-heading-title elementor-size-default\"><a href=\"https:\/\/www.kennedy-schule.de\/\" target=\"_blank\">Kennedy Schule<\/a><\/h2>\t\t\t\t<\/div>\n\t\t\t\t<\/div>\n\t\t\t\t\t<\/div>\n\t\t<\/div>\n\t\t\t\t<div class=\"elementor-column elementor-col-20 elementor-inner-column elementor-element elementor-element-a06f4a4\" data-id=\"a06f4a4\" data-element_type=\"column\">\n\t\t\t<div class=\"elementor-widget-wrap elementor-element-populated\">\n\t\t\t\t\t\t<div class=\"elementor-element elementor-element-4f61976 elementor-widget elementor-widget-heading\" data-id=\"4f61976\" data-element_type=\"widget\" data-widget_type=\"heading.default\">\n\t\t\t\t<div class=\"elementor-widget-container\">\n\t\t\t\t\t<h2 class=\"elementor-heading-title elementor-size-default\"><a href=\"http:\/\/www.starigrad.org.rs\/\" target=\"_blank\">Gradska op\u0161tina stari grad<\/a><\/h2>\t\t\t\t<\/div>\n\t\t\t\t<\/div>\n\t\t\t\t\t<\/div>\n\t\t<\/div>\n\t\t\t\t\t<\/div>\n\t\t<\/section>\n\t\t\t\t\t<\/div>\n\t\t<\/div>\n\t\t\t\t\t<\/div>\n\t\t<\/section>\n\t\t\t\t<section class=\"elementor-section elementor-top-section elementor-element elementor-element-7f4002f elementor-section-boxed elementor-section-height-default elementor-section-height-default\" data-id=\"7f4002f\" data-element_type=\"section\" data-settings=\"{&quot;background_background&quot;:&quot;classic&quot;}\">\n\t\t\t\t\t\t<div class=\"elementor-container elementor-column-gap-default\">\n\t\t\t\t\t<div class=\"elementor-column elementor-col-100 elementor-top-column elementor-element elementor-element-41b7515\" data-id=\"41b7515\" data-element_type=\"column\" data-settings=\"{&quot;background_background&quot;:&quot;classic&quot;}\">\n\t\t\t<div class=\"elementor-widget-wrap elementor-element-populated\">\n\t\t\t\t\t\t<div class=\"elementor-element elementor-element-8e7a5b7 elementor-widget elementor-widget-text-editor\" data-id=\"8e7a5b7\" data-element_type=\"widget\" data-widget_type=\"text-editor.default\">\n\t\t\t\t<div class=\"elementor-widget-container\">\n\t\t\t\t\t\t\t\t\t<p>In addition to these organisations, we also have a network of external consultants who assist us in our work:<\/p>\t\t\t\t\t\t\t\t<\/div>\n\t\t\t\t<\/div>\n\t\t\t\t<div class=\"elementor-element elementor-element-93d91c9 elementor-position-right elementor-vertical-align-middle elementor-widget elementor-widget-image-box\" data-id=\"93d91c9\" data-element_type=\"widget\" data-widget_type=\"image-box.default\">\n\t\t\t\t<div class=\"elementor-widget-container\">\n\t\t\t\t\t<div class=\"elementor-image-box-wrapper\"><figure class=\"elementor-image-box-img\"><img fetchpriority=\"high\" decoding=\"async\" width=\"1200\" height=\"1200\" src=\"https:\/\/lexis.rs\/wp-content\/uploads\/2024\/11\/lexis_pro_Elizaveta.jpg\" class=\"attachment-full size-full wp-image-1140\" alt=\"\" srcset=\"https:\/\/lexis.rs\/wp-content\/uploads\/2024\/11\/lexis_pro_Elizaveta.jpg 1200w, https:\/\/lexis.rs\/wp-content\/uploads\/2024\/11\/lexis_pro_Elizaveta-300x300.jpg 300w, https:\/\/lexis.rs\/wp-content\/uploads\/2024\/11\/lexis_pro_Elizaveta-1024x1024.jpg 1024w, https:\/\/lexis.rs\/wp-content\/uploads\/2024\/11\/lexis_pro_Elizaveta-150x150.jpg 150w, https:\/\/lexis.rs\/wp-content\/uploads\/2024\/11\/lexis_pro_Elizaveta-768x768.jpg 768w, https:\/\/lexis.rs\/wp-content\/uploads\/2024\/11\/lexis_pro_Elizaveta-12x12.jpg 12w, https:\/\/lexis.rs\/wp-content\/uploads\/2024\/11\/lexis_pro_Elizaveta-500x500.jpg 500w\" sizes=\"(max-width: 1200px) 100vw, 1200px\" \/><\/figure><div class=\"elementor-image-box-content\"><h3 class=\"elementor-image-box-title\">Elizaveta Musatova<\/h3><p class=\"elementor-image-box-description\">Psychoanalytical Psychotherapist\n<br>\nGraduate of the Eastern European University for Psychoanalysis (St. Petersburg, Russia) and the William Alanson White Institute (New York, USA)\n<\/p><\/div><\/div>\t\t\t\t<\/div>\n\t\t\t\t<\/div>\n\t\t\t\t<div class=\"elementor-element elementor-element-c4baa91 elementor-icon-list--layout-traditional elementor-list-item-link-full_width elementor-widget elementor-widget-icon-list\" data-id=\"c4baa91\" data-element_type=\"widget\" data-widget_type=\"icon-list.default\">\n\t\t\t\t<div class=\"elementor-widget-container\">\n\t\t\t\t\t\t\t<ul class=\"elementor-icon-list-items\">\n\t\t\t\t\t\t\t<li class=\"elementor-icon-list-item\">\n\t\t\t\t\t\t\t\t\t\t\t<span class=\"elementor-icon-list-icon\">\n\t\t\t\t\t\t\t<i aria-hidden=\"true\" class=\"fas fa-circle\"><\/i>\t\t\t\t\t\t<\/span>\n\t\t\t\t\t\t\t\t\t\t<span class=\"elementor-icon-list-text\">Her primary area of interest since the beginning of her career has been the psychology of immigration and intercultural adaptation. For a decade, she has been working with native Russian speakers, namely Russian emigrants around the globe.<\/span>\n\t\t\t\t\t\t\t\t\t<\/li>\n\t\t\t\t\t\t\t\t<li class=\"elementor-icon-list-item\">\n\t\t\t\t\t\t\t\t\t\t\t<span class=\"elementor-icon-list-icon\">\n\t\t\t\t\t\t\t<i aria-hidden=\"true\" class=\"fas fa-circle\"><\/i>\t\t\t\t\t\t<\/span>\n\t\t\t\t\t\t\t\t\t\t<span class=\"elementor-icon-list-text\">Currently, she is focused on trauma work and trauma therapy, providing services to adults in Belgrade (in person) and online for clients in other countries. She has been closely collaborating with the Lexis Centre since 2018.<\/span>\n\t\t\t\t\t\t\t\t\t<\/li>\n\t\t\t\t\t\t\t\t<li class=\"elementor-icon-list-item\">\n\t\t\t\t\t\t\t\t\t\t\t<span class=\"elementor-icon-list-icon\">\n\t\t\t\t\t\t\t<i aria-hidden=\"true\" class=\"fas fa-circle\"><\/i>\t\t\t\t\t\t<\/span>\n\t\t\t\t\t\t\t\t\t\t<span class=\"elementor-icon-list-text\">She offers services in both, Russian and English.<\/span>\n\t\t\t\t\t\t\t\t\t<\/li>\n\t\t\t\t\t\t\t\t<li class=\"elementor-icon-list-item\">\n\t\t\t\t\t\t\t\t\t\t\t<span class=\"elementor-icon-list-icon\">\n\t\t\t\t\t\t\t<i aria-hidden=\"true\" class=\"fas fa-circle\"><\/i>\t\t\t\t\t\t<\/span>\n\t\t\t\t\t\t\t\t\t\t<span class=\"elementor-icon-list-text\">Contact: +381 69 59 00 230<\/span>\n\t\t\t\t\t\t\t\t\t<\/li>\n\t\t\t\t\t\t<\/ul>\n\t\t\t\t\t\t<\/div>\n\t\t\t\t<\/div>\n\t\t\t\t\t<\/div>\n\t\t<\/div>\n\t\t\t\t\t<\/div>\n\t\t<\/section>\n\t\t\t\t<section class=\"elementor-section elementor-top-section elementor-element elementor-element-ede3e1d elementor-section-boxed elementor-section-height-default elementor-section-height-default\" data-id=\"ede3e1d\" data-element_type=\"section\" data-settings=\"{&quot;background_background&quot;:&quot;classic&quot;}\">\n\t\t\t\t\t\t<div class=\"elementor-container elementor-column-gap-default\">\n\t\t\t\t\t<div class=\"elementor-column elementor-col-100 elementor-top-column elementor-element elementor-element-514a6f4\" data-id=\"514a6f4\" data-element_type=\"column\" data-settings=\"{&quot;background_background&quot;:&quot;classic&quot;}\">\n\t\t\t<div class=\"elementor-widget-wrap elementor-element-populated\">\n\t\t\t\t\t\t<div class=\"elementor-element elementor-element-a9ce4c6 elementor-position-right elementor-vertical-align-middle elementor-widget elementor-widget-image-box\" data-id=\"a9ce4c6\" data-element_type=\"widget\" data-widget_type=\"image-box.default\">\n\t\t\t\t<div class=\"elementor-widget-container\">\n\t\t\t\t\t<div class=\"elementor-image-box-wrapper\"><figure class=\"elementor-image-box-img\"><img decoding=\"async\" width=\"1200\" height=\"1200\" src=\"https:\/\/lexis.rs\/wp-content\/uploads\/2024\/11\/lexis_pro_Milena.jpg\" class=\"attachment-full size-full wp-image-1141\" alt=\"\" srcset=\"https:\/\/lexis.rs\/wp-content\/uploads\/2024\/11\/lexis_pro_Milena.jpg 1200w, https:\/\/lexis.rs\/wp-content\/uploads\/2024\/11\/lexis_pro_Milena-300x300.jpg 300w, https:\/\/lexis.rs\/wp-content\/uploads\/2024\/11\/lexis_pro_Milena-1024x1024.jpg 1024w, https:\/\/lexis.rs\/wp-content\/uploads\/2024\/11\/lexis_pro_Milena-150x150.jpg 150w, https:\/\/lexis.rs\/wp-content\/uploads\/2024\/11\/lexis_pro_Milena-768x768.jpg 768w, https:\/\/lexis.rs\/wp-content\/uploads\/2024\/11\/lexis_pro_Milena-12x12.jpg 12w, https:\/\/lexis.rs\/wp-content\/uploads\/2024\/11\/lexis_pro_Milena-500x500.jpg 500w\" sizes=\"(max-width: 1200px) 100vw, 1200px\" \/><\/figure><div class=\"elementor-image-box-content\"><h3 class=\"elementor-image-box-title\">Milena Rajkovi\u0107<\/h3><p class=\"elementor-image-box-description\">Graduated Defectologist - Special Educator (University of Belgrade)<\/p><\/div><\/div>\t\t\t\t<\/div>\n\t\t\t\t<\/div>\n\t\t\t\t<div class=\"elementor-element elementor-element-6cdda41 elementor-icon-list--layout-traditional elementor-list-item-link-full_width elementor-widget elementor-widget-icon-list\" data-id=\"6cdda41\" data-element_type=\"widget\" data-widget_type=\"icon-list.default\">\n\t\t\t\t<div class=\"elementor-widget-container\">\n\t\t\t\t\t\t\t<ul class=\"elementor-icon-list-items\">\n\t\t\t\t\t\t\t<li class=\"elementor-icon-list-item\">\n\t\t\t\t\t\t\t\t\t\t\t<span class=\"elementor-icon-list-icon\">\n\t\t\t\t\t\t\t<i aria-hidden=\"true\" class=\"fas fa-circle\"><\/i>\t\t\t\t\t\t<\/span>\n\t\t\t\t\t\t\t\t\t\t<span class=\"elementor-icon-list-text\">With thirty years of experience working with parents, children, and adolescents, she has gained her expertise in esteemed healthcare institutions specialising in mental health, notably the Institute of Mental Health in Belgrade. Milena has been collaborating with the Lexis Centre since 2024.<\/span>\n\t\t\t\t\t\t\t\t\t<\/li>\n\t\t\t\t\t\t\t\t<li class=\"elementor-icon-list-item\">\n\t\t\t\t\t\t\t\t\t\t\t<span class=\"elementor-icon-list-icon\">\n\t\t\t\t\t\t\t<i aria-hidden=\"true\" class=\"fas fa-circle\"><\/i>\t\t\t\t\t\t<\/span>\n\t\t\t\t\t\t\t\t\t\t<span class=\"elementor-icon-list-text\">Her specific focus is on the diagnosis and treatment of Attention Deficit Hyperactivity Disorder (ADHD), autism, and related developmental difficulties.\u00a0<\/span>\n\t\t\t\t\t\t\t\t\t<\/li>\n\t\t\t\t\t\t\t\t<li class=\"elementor-icon-list-item\">\n\t\t\t\t\t\t\t\t\t\t\t<span class=\"elementor-icon-list-icon\">\n\t\t\t\t\t\t\t<i aria-hidden=\"true\" class=\"fas fa-circle\"><\/i>\t\t\t\t\t\t<\/span>\n\t\t\t\t\t\t\t\t\t\t<span class=\"elementor-icon-list-text\">She provides services in Serbian.<\/span>\n\t\t\t\t\t\t\t\t\t<\/li>\n\t\t\t\t\t\t\t\t<li class=\"elementor-icon-list-item\">\n\t\t\t\t\t\t\t\t\t\t\t<span class=\"elementor-icon-list-icon\">\n\t\t\t\t\t\t\t<i aria-hidden=\"true\" class=\"fas fa-circle\"><\/i>\t\t\t\t\t\t<\/span>\n\t\t\t\t\t\t\t\t\t\t<span class=\"elementor-icon-list-text\">Contact: +381 62 445 007\u00a0<\/span>\n\t\t\t\t\t\t\t\t\t<\/li>\n\t\t\t\t\t\t<\/ul>\n\t\t\t\t\t\t<\/div>\n\t\t\t\t<\/div>\n\t\t\t\t\t<\/div>\n\t\t<\/div>\n\t\t\t\t\t<\/div>\n\t\t<\/section>\n\t\t\t\t<section class=\"elementor-section elementor-top-section elementor-element elementor-element-b8d083c elementor-section-boxed elementor-section-height-default elementor-section-height-default\" data-id=\"b8d083c\" data-element_type=\"section\" data-settings=\"{&quot;background_background&quot;:&quot;classic&quot;}\">\n\t\t\t\t\t\t<div class=\"elementor-container elementor-column-gap-default\">\n\t\t\t\t\t<div class=\"elementor-column elementor-col-100 elementor-top-column elementor-element elementor-element-13fc8db\" data-id=\"13fc8db\" data-element_type=\"column\" data-settings=\"{&quot;background_background&quot;:&quot;classic&quot;}\">\n\t\t\t<div class=\"elementor-widget-wrap elementor-element-populated\">\n\t\t\t\t\t\t<div class=\"elementor-element elementor-element-5ab293e elementor-position-right elementor-vertical-align-middle elementor-widget elementor-widget-image-box\" data-id=\"5ab293e\" data-element_type=\"widget\" data-widget_type=\"image-box.default\">\n\t\t\t\t<div class=\"elementor-widget-container\">\n\t\t\t\t\t<div class=\"elementor-image-box-wrapper\"><figure class=\"elementor-image-box-img\"><img decoding=\"async\" width=\"1200\" height=\"1200\" src=\"https:\/\/lexis.rs\/wp-content\/uploads\/2024\/11\/lexis_pro_Oksana.jpg\" class=\"attachment-full size-full wp-image-1142\" alt=\"\" srcset=\"https:\/\/lexis.rs\/wp-content\/uploads\/2024\/11\/lexis_pro_Oksana.jpg 1200w, https:\/\/lexis.rs\/wp-content\/uploads\/2024\/11\/lexis_pro_Oksana-300x300.jpg 300w, https:\/\/lexis.rs\/wp-content\/uploads\/2024\/11\/lexis_pro_Oksana-1024x1024.jpg 1024w, https:\/\/lexis.rs\/wp-content\/uploads\/2024\/11\/lexis_pro_Oksana-150x150.jpg 150w, https:\/\/lexis.rs\/wp-content\/uploads\/2024\/11\/lexis_pro_Oksana-768x768.jpg 768w, https:\/\/lexis.rs\/wp-content\/uploads\/2024\/11\/lexis_pro_Oksana-12x12.jpg 12w, https:\/\/lexis.rs\/wp-content\/uploads\/2024\/11\/lexis_pro_Oksana-500x500.jpg 500w\" sizes=\"(max-width: 1200px) 100vw, 1200px\" \/><\/figure><div class=\"elementor-image-box-content\"><h3 class=\"elementor-image-box-title\">Oksana Pavljuk\u00a0<\/h3><p class=\"elementor-image-box-description translation-block\">Graduated Clinical Psychologist (Yaroslavl State University, Russia)\n<br>\nGraduated Psychoanalyst (St. Petersburg, Russia)<\/p><\/div><\/div>\t\t\t\t<\/div>\n\t\t\t\t<\/div>\n\t\t\t\t<div class=\"elementor-element elementor-element-e78b415 elementor-icon-list--layout-traditional elementor-list-item-link-full_width elementor-widget elementor-widget-icon-list\" data-id=\"e78b415\" data-element_type=\"widget\" data-widget_type=\"icon-list.default\">\n\t\t\t\t<div class=\"elementor-widget-container\">\n\t\t\t\t\t\t\t<ul class=\"elementor-icon-list-items\">\n\t\t\t\t\t\t\t<li class=\"elementor-icon-list-item\">\n\t\t\t\t\t\t\t\t\t\t\t<span class=\"elementor-icon-list-icon\">\n\t\t\t\t\t\t\t<i aria-hidden=\"true\" class=\"fas fa-circle\"><\/i>\t\t\t\t\t\t<\/span>\n\t\t\t\t\t\t\t\t\t\t<span class=\"elementor-icon-list-text\">Child and Adolescent Psychoanalytical Psychotherapist (Member of the \"La cause des b\u00e9b\u00e9s\" Association, Dolto-Lacan approach, France)<\/span>\n\t\t\t\t\t\t\t\t\t<\/li>\n\t\t\t\t\t\t\t\t<li class=\"elementor-icon-list-item\">\n\t\t\t\t\t\t\t\t\t\t\t<span class=\"elementor-icon-list-icon\">\n\t\t\t\t\t\t\t<i aria-hidden=\"true\" class=\"fas fa-circle\"><\/i>\t\t\t\t\t\t<\/span>\n\t\t\t\t\t\t\t\t\t\t<span class=\"elementor-icon-list-text\">She has over a decade of experience in private psychoanalytical practice, working online with adults and in person with adolescents and children. She has been collaborating with the Lexis Centre since 2021.<\/span>\n\t\t\t\t\t\t\t\t\t<\/li>\n\t\t\t\t\t\t\t\t<li class=\"elementor-icon-list-item\">\n\t\t\t\t\t\t\t\t\t\t\t<span class=\"elementor-icon-list-icon\">\n\t\t\t\t\t\t\t<i aria-hidden=\"true\" class=\"fas fa-circle\"><\/i>\t\t\t\t\t\t<\/span>\n\t\t\t\t\t\t\t\t\t\t<span class=\"elementor-icon-list-text\">She provides services in Russian and Serbian.<\/span>\n\t\t\t\t\t\t\t\t\t<\/li>\n\t\t\t\t\t\t\t\t<li class=\"elementor-icon-list-item\">\n\t\t\t\t\t\t\t\t\t\t\t<span class=\"elementor-icon-list-icon\">\n\t\t\t\t\t\t\t<i aria-hidden=\"true\" class=\"fas fa-circle\"><\/i>\t\t\t\t\t\t<\/span>\n\t\t\t\t\t\t\t\t\t\t<span class=\"elementor-icon-list-text\">Contact: +381 69 555 20 05<\/span>\n\t\t\t\t\t\t\t\t\t<\/li>\n\t\t\t\t\t\t<\/ul>\n\t\t\t\t\t\t<\/div>\n\t\t\t\t<\/div>\n\t\t\t\t\t<\/div>\n\t\t<\/div>\n\t\t\t\t\t<\/div>\n\t\t<\/section>\n\t\t\t\t<\/div>","protected":false},"excerpt":{"rendered":"<p>Partneri u radu Lexis centra su vrti\u0107i, \u0161kole, kako doma\u0107e, tako i internacionalne, zatim doma\u0107e i strane organizacije. Izme\u0111u ostalih imamo potpisanu saradnju sa: PRIMA INTERNATIONAL SCHOOL mADE BY DYSLEXIA queen Victoria Kennedy Schule Gradska op\u0161tina stari grad Pored organizacija imamo i mre\u017eu spoljnih saradnika koji nam poma\u017eu u radu: Elizaveta Musatova Psihoanaliti\u010dki psihoterapeut Diplomac [&hellip;]<\/p>","protected":false},"author":1,"featured_media":0,"parent":0,"menu_order":0,"comment_status":"closed","ping_status":"closed","template":"elementor_header_footer","meta":{"_acf_changed":false,"footnotes":""},"class_list":["post-157","page","type-page","status-publish","hentry"],"acf":[],"_links":{"self":[{"href":"https:\/\/lexis.rs\/en\/wp-json\/wp\/v2\/pages\/157","targetHints":{"allow":["GET"]}}],"collection":[{"href":"https:\/\/lexis.rs\/en\/wp-json\/wp\/v2\/pages"}],"about":[{"href":"https:\/\/lexis.rs\/en\/wp-json\/wp\/v2\/types\/page"}],"author":[{"embeddable":true,"href":"https:\/\/lexis.rs\/en\/wp-json\/wp\/v2\/users\/1"}],"replies":[{"embeddable":true,"href":"https:\/\/lexis.rs\/en\/wp-json\/wp\/v2\/comments?post=157"}],"version-history":[{"count":51,"href":"https:\/\/lexis.rs\/en\/wp-json\/wp\/v2\/pages\/157\/revisions"}],"predecessor-version":[{"id":1177,"href":"https:\/\/lexis.rs\/en\/wp-json\/wp\/v2\/pages\/157\/revisions\/1177"}],"wp:attachment":[{"href":"https:\/\/lexis.rs\/en\/wp-json\/wp\/v2\/media?parent=157"}],"curies":[{"name":"wp","href":"https:\/\/api.w.org\/{rel}","templated":true}]}}