{"id":187,"date":"2020-09-01T13:43:15","date_gmt":"2020-09-01T13:43:15","guid":{"rendered":"https:\/\/lexis.avionicsalescorporation.com\/?page_id=187"},"modified":"2024-10-15T08:44:03","modified_gmt":"2024-10-15T08:44:03","slug":"blog","status":"publish","type":"page","link":"https:\/\/lexis.rs\/en\/blog\/","title":{"rendered":"Blog"},"content":{"rendered":"<div data-elementor-type=\"wp-page\" data-elementor-id=\"187\" class=\"elementor elementor-187\">\n\t\t\t\t\t\t<section class=\"elementor-section elementor-top-section elementor-element elementor-element-f0671ac elementor-section-boxed elementor-section-height-default elementor-section-height-default\" data-id=\"f0671ac\" data-element_type=\"section\">\n\t\t\t\t\t\t<div class=\"elementor-container elementor-column-gap-default\">\n\t\t\t\t\t<div class=\"elementor-column elementor-col-100 elementor-top-column elementor-element elementor-element-48905f7\" data-id=\"48905f7\" data-element_type=\"column\">\n\t\t\t<div class=\"elementor-widget-wrap elementor-element-populated\">\n\t\t\t\t\t\t<div class=\"elementor-element elementor-element-bad4400 elementor-widget elementor-widget-raven-posts\" data-id=\"bad4400\" data-element_type=\"widget\" data-settings=\"{&quot;classic_show_pagination&quot;:&quot;yes&quot;,&quot;classic_pagination_type&quot;:&quot;load_more&quot;,&quot;query_posts_per_page&quot;:9,&quot;_skin&quot;:&quot;classic&quot;,&quot;classic_layout&quot;:&quot;grid&quot;,&quot;classic_columns&quot;:&quot;3&quot;,&quot;classic_columns_tablet&quot;:&quot;2&quot;,&quot;classic_columns_mobile&quot;:&quot;1&quot;,&quot;query_offset&quot;:0}\" data-widget_type=\"raven-posts.classic\">\n\t\t\t\t<div class=\"elementor-widget-container\">\n\t\t\t\t\t\t\t<div class=\"raven-posts raven-grid raven-grid-3 raven-grid-mobile-1 raven-grid-tablet-2\" data-post-id=\"187\" data-archive-query=\"\" data-lang=\"\">\n\t\t\t\t<div class=\"raven-grid-item raven-post-item post-1195 post type-post status-publish format-standard has-post-thumbnail hentry category-uncategorized\">\n\t\t\t<div class=\"raven-post\">\n\t\t\t\t\t\t<div class=\"raven-post-image-wrap\">\n\t\t\t<a class=\"raven-post-image raven-image-fit\" href=\"https:\/\/lexis.rs\/en\/blagodeti-porodicnog-savetovanje-i-psihoterapije\/\"><img fetchpriority=\"high\" decoding=\"async\" width=\"1920\" height=\"1080\" src=\"https:\/\/lexis.rs\/wp-content\/uploads\/2024\/11\/lexis_blagodeti_porodicnog_savetovanja.jpg\" class=\"attachment-full size-full wp-image-1199\" alt=\"\" srcset=\"https:\/\/lexis.rs\/wp-content\/uploads\/2024\/11\/lexis_blagodeti_porodicnog_savetovanja.jpg 1920w, https:\/\/lexis.rs\/wp-content\/uploads\/2024\/11\/lexis_blagodeti_porodicnog_savetovanja-300x169.jpg 300w, https:\/\/lexis.rs\/wp-content\/uploads\/2024\/11\/lexis_blagodeti_porodicnog_savetovanja-1024x576.jpg 1024w, https:\/\/lexis.rs\/wp-content\/uploads\/2024\/11\/lexis_blagodeti_porodicnog_savetovanja-768x432.jpg 768w, https:\/\/lexis.rs\/wp-content\/uploads\/2024\/11\/lexis_blagodeti_porodicnog_savetovanja-1536x864.jpg 1536w, https:\/\/lexis.rs\/wp-content\/uploads\/2024\/11\/lexis_blagodeti_porodicnog_savetovanja-18x10.jpg 18w\" sizes=\"(max-width: 1920px) 100vw, 1920px\" \/> <span class=\"raven-post-image-overlay\"><\/span><\/a>\t\t<\/div>\n\t\t\t\t\t\t<div class=\"raven-post-content\">\n\t\t\t\t\t<h3 class=\"raven-post-title\"><a class=\"raven-post-title-link\" href=\"https:\/\/lexis.rs\/en\/blagodeti-porodicnog-savetovanje-i-psihoterapije\/\">Blagodeti porodi\u010dnog savetovanje i psihoterapije<\/a><\/h3>\t\t\t\t<\/div>\n\t\t\t<\/div>\n\t\t<\/div>\n\t\t\t\t<div class=\"raven-grid-item raven-post-item post-642 post type-post status-publish format-standard has-post-thumbnail hentry category-uncategorized\">\n\t\t\t<div class=\"raven-post\">\n\t\t\t\t\t\t<div class=\"raven-post-image-wrap\">\n\t\t\t<a class=\"raven-post-image raven-image-fit\" href=\"https:\/\/lexis.rs\/en\/dijagnoza-disleksije-i-mentalno-zdravlje\/\"><img decoding=\"async\" width=\"1920\" height=\"1080\" src=\"https:\/\/lexis.rs\/wp-content\/uploads\/2024\/10\/lexis_disleksija.jpg\" class=\"attachment-full size-full wp-image-649\" alt=\"\" srcset=\"https:\/\/lexis.rs\/wp-content\/uploads\/2024\/10\/lexis_disleksija.jpg 1920w, https:\/\/lexis.rs\/wp-content\/uploads\/2024\/10\/lexis_disleksija-300x169.jpg 300w, https:\/\/lexis.rs\/wp-content\/uploads\/2024\/10\/lexis_disleksija-1024x576.jpg 1024w, https:\/\/lexis.rs\/wp-content\/uploads\/2024\/10\/lexis_disleksija-768x432.jpg 768w, https:\/\/lexis.rs\/wp-content\/uploads\/2024\/10\/lexis_disleksija-1536x864.jpg 1536w, https:\/\/lexis.rs\/wp-content\/uploads\/2024\/10\/lexis_disleksija-18x10.jpg 18w\" sizes=\"(max-width: 1920px) 100vw, 1920px\" \/> <span class=\"raven-post-image-overlay\"><\/span><\/a>\t\t<\/div>\n\t\t\t\t\t\t<div class=\"raven-post-content\">\n\t\t\t\t\t<h3 class=\"raven-post-title\"><a class=\"raven-post-title-link\" href=\"https:\/\/lexis.rs\/en\/dijagnoza-disleksije-i-mentalno-zdravlje\/\">DIJAGNOZA DISLEKSIJE I MENTALNO ZDRAVLJE<\/a><\/h3>\t\t\t\t<\/div>\n\t\t\t<\/div>\n\t\t<\/div>\n\t\t\t\t<div class=\"raven-grid-item raven-post-item post-555 post type-post status-publish format-standard has-post-thumbnail hentry category-uncategorized\">\n\t\t\t<div class=\"raven-post\">\n\t\t\t\t\t\t<div class=\"raven-post-image-wrap\">\n\t\t\t<a class=\"raven-post-image raven-image-fit\" href=\"https:\/\/lexis.rs\/en\/pandemija-razvoj-govora\/\"><img decoding=\"async\" width=\"1920\" height=\"1200\" src=\"https:\/\/lexis.rs\/wp-content\/uploads\/2022\/02\/lexis_covid_pandemija.jpg\" class=\"attachment-full size-full wp-image-556\" alt=\"\" srcset=\"https:\/\/lexis.rs\/wp-content\/uploads\/2022\/02\/lexis_covid_pandemija.jpg 1920w, https:\/\/lexis.rs\/wp-content\/uploads\/2022\/02\/lexis_covid_pandemija-300x188.jpg 300w, https:\/\/lexis.rs\/wp-content\/uploads\/2022\/02\/lexis_covid_pandemija-1024x640.jpg 1024w, https:\/\/lexis.rs\/wp-content\/uploads\/2022\/02\/lexis_covid_pandemija-768x480.jpg 768w, https:\/\/lexis.rs\/wp-content\/uploads\/2022\/02\/lexis_covid_pandemija-1536x960.jpg 1536w, https:\/\/lexis.rs\/wp-content\/uploads\/2022\/02\/lexis_covid_pandemija-18x12.jpg 18w\" sizes=\"(max-width: 1920px) 100vw, 1920px\" \/> <span class=\"raven-post-image-overlay\"><\/span><\/a>\t\t<\/div>\n\t\t\t\t\t\t<div class=\"raven-post-content\">\n\t\t\t\t\t<h3 class=\"raven-post-title\"><a class=\"raven-post-title-link\" href=\"https:\/\/lexis.rs\/en\/pandemija-razvoj-govora\/\">Kako pandemija uti\u010de na razvoj govora kod dece<\/a><\/h3>\t\t\t\t<\/div>\n\t\t\t<\/div>\n\t\t<\/div>\n\t\t\t\t<div class=\"raven-grid-item raven-post-item post-476 post type-post status-publish format-standard has-post-thumbnail hentry category-uncategorized\">\n\t\t\t<div class=\"raven-post\">\n\t\t\t\t\t\t<div class=\"raven-post-image-wrap\">\n\t\t\t<a class=\"raven-post-image raven-image-fit\" href=\"https:\/\/lexis.rs\/en\/disleksija-i-kako-je-prepoznati\/\"><img loading=\"lazy\" decoding=\"async\" width=\"1920\" height=\"1200\" src=\"https:\/\/lexis.rs\/wp-content\/uploads\/2020\/12\/lexis_disleksija_prepoznavanje.jpg\" class=\"attachment-full size-full wp-image-478\" alt=\"\" srcset=\"https:\/\/lexis.rs\/wp-content\/uploads\/2020\/12\/lexis_disleksija_prepoznavanje.jpg 1920w, https:\/\/lexis.rs\/wp-content\/uploads\/2020\/12\/lexis_disleksija_prepoznavanje-300x188.jpg 300w, https:\/\/lexis.rs\/wp-content\/uploads\/2020\/12\/lexis_disleksija_prepoznavanje-1024x640.jpg 1024w, https:\/\/lexis.rs\/wp-content\/uploads\/2020\/12\/lexis_disleksija_prepoznavanje-768x480.jpg 768w, https:\/\/lexis.rs\/wp-content\/uploads\/2020\/12\/lexis_disleksija_prepoznavanje-1536x960.jpg 1536w\" sizes=\"(max-width: 1920px) 100vw, 1920px\" \/> <span class=\"raven-post-image-overlay\"><\/span><\/a>\t\t<\/div>\n\t\t\t\t\t\t<div class=\"raven-post-content\">\n\t\t\t\t\t<h3 class=\"raven-post-title\"><a class=\"raven-post-title-link\" href=\"https:\/\/lexis.rs\/en\/disleksija-i-kako-je-prepoznati\/\">Disleksija i kako je prepoznati<\/a><\/h3>\t\t\t\t<\/div>\n\t\t\t<\/div>\n\t\t<\/div>\n\t\t\t\t<div class=\"raven-grid-item raven-post-item post-459 post type-post status-publish format-standard has-post-thumbnail hentry category-uncategorized\">\n\t\t\t<div class=\"raven-post\">\n\t\t\t\t\t\t<div class=\"raven-post-image-wrap\">\n\t\t\t<a class=\"raven-post-image raven-image-fit\" href=\"https:\/\/lexis.rs\/en\/prednosti-bilingvizma\/\"><img loading=\"lazy\" decoding=\"async\" width=\"1920\" height=\"1200\" src=\"https:\/\/lexis.rs\/wp-content\/uploads\/2020\/12\/lexis_bilingvizam.jpg\" class=\"attachment-full size-full wp-image-461\" alt=\"\" srcset=\"https:\/\/lexis.rs\/wp-content\/uploads\/2020\/12\/lexis_bilingvizam.jpg 1920w, https:\/\/lexis.rs\/wp-content\/uploads\/2020\/12\/lexis_bilingvizam-300x188.jpg 300w, https:\/\/lexis.rs\/wp-content\/uploads\/2020\/12\/lexis_bilingvizam-1024x640.jpg 1024w, https:\/\/lexis.rs\/wp-content\/uploads\/2020\/12\/lexis_bilingvizam-768x480.jpg 768w, https:\/\/lexis.rs\/wp-content\/uploads\/2020\/12\/lexis_bilingvizam-1536x960.jpg 1536w\" sizes=\"(max-width: 1920px) 100vw, 1920px\" \/> <span class=\"raven-post-image-overlay\"><\/span><\/a>\t\t<\/div>\n\t\t\t\t\t\t<div class=\"raven-post-content\">\n\t\t\t\t\t<h3 class=\"raven-post-title\"><a class=\"raven-post-title-link\" href=\"https:\/\/lexis.rs\/en\/prednosti-bilingvizma\/\">Prednosti bilingvizma<\/a><\/h3>\t\t\t\t<\/div>\n\t\t\t<\/div>\n\t\t<\/div>\n\t\t\t\t<div class=\"raven-grid-item raven-post-item post-430 post type-post status-publish format-standard has-post-thumbnail hentry category-uncategorized\">\n\t\t\t<div class=\"raven-post\">\n\t\t\t\t\t\t<div class=\"raven-post-image-wrap\">\n\t\t\t<a class=\"raven-post-image raven-image-fit\" href=\"https:\/\/lexis.rs\/en\/mucanje-psiholoski-uzroci-i-posledice\/\"><img loading=\"lazy\" decoding=\"async\" width=\"1920\" height=\"1200\" src=\"https:\/\/lexis.rs\/wp-content\/uploads\/2020\/11\/lexis_mucanje_uzroci_posledice2.jpg\" class=\"attachment-full size-full wp-image-434\" alt=\"\" srcset=\"https:\/\/lexis.rs\/wp-content\/uploads\/2020\/11\/lexis_mucanje_uzroci_posledice2.jpg 1920w, https:\/\/lexis.rs\/wp-content\/uploads\/2020\/11\/lexis_mucanje_uzroci_posledice2-300x188.jpg 300w, https:\/\/lexis.rs\/wp-content\/uploads\/2020\/11\/lexis_mucanje_uzroci_posledice2-1024x640.jpg 1024w, https:\/\/lexis.rs\/wp-content\/uploads\/2020\/11\/lexis_mucanje_uzroci_posledice2-768x480.jpg 768w, https:\/\/lexis.rs\/wp-content\/uploads\/2020\/11\/lexis_mucanje_uzroci_posledice2-1536x960.jpg 1536w\" sizes=\"(max-width: 1920px) 100vw, 1920px\" \/> <span class=\"raven-post-image-overlay\"><\/span><\/a>\t\t<\/div>\n\t\t\t\t\t\t<div class=\"raven-post-content\">\n\t\t\t\t\t<h3 class=\"raven-post-title\"><a class=\"raven-post-title-link\" href=\"https:\/\/lexis.rs\/en\/mucanje-psiholoski-uzroci-i-posledice\/\">Mucanje \u2013 Psiholo\u0161ki uzroci i posledice<\/a><\/h3>\t\t\t\t<\/div>\n\t\t\t<\/div>\n\t\t<\/div>\n\t\t\t\t<div class=\"raven-grid-item raven-post-item post-423 post type-post status-publish format-standard has-post-thumbnail hentry category-uncategorized\">\n\t\t\t<div class=\"raven-post\">\n\t\t\t\t\t\t<div class=\"raven-post-image-wrap\">\n\t\t\t<a class=\"raven-post-image raven-image-fit\" href=\"https:\/\/lexis.rs\/en\/deca-skolskog-uzrasta-i-govorno-jezicke-teskoce\/\"><img loading=\"lazy\" decoding=\"async\" width=\"1920\" height=\"1200\" src=\"https:\/\/lexis.rs\/wp-content\/uploads\/2020\/11\/lexis_skola.jpg\" class=\"attachment-full size-full wp-image-425\" alt=\"\" srcset=\"https:\/\/lexis.rs\/wp-content\/uploads\/2020\/11\/lexis_skola.jpg 1920w, https:\/\/lexis.rs\/wp-content\/uploads\/2020\/11\/lexis_skola-300x188.jpg 300w, https:\/\/lexis.rs\/wp-content\/uploads\/2020\/11\/lexis_skola-1024x640.jpg 1024w, https:\/\/lexis.rs\/wp-content\/uploads\/2020\/11\/lexis_skola-768x480.jpg 768w, https:\/\/lexis.rs\/wp-content\/uploads\/2020\/11\/lexis_skola-1536x960.jpg 1536w\" sizes=\"(max-width: 1920px) 100vw, 1920px\" \/> <span class=\"raven-post-image-overlay\"><\/span><\/a>\t\t<\/div>\n\t\t\t\t\t\t<div class=\"raven-post-content\">\n\t\t\t\t\t<h3 class=\"raven-post-title\"><a class=\"raven-post-title-link\" href=\"https:\/\/lexis.rs\/en\/deca-skolskog-uzrasta-i-govorno-jezicke-teskoce\/\">Deca \u0161kolskog uzrasta i govorno-jezi\u010dke te\u0161ko\u0107e<\/a><\/h3>\t\t\t\t<\/div>\n\t\t\t<\/div>\n\t\t<\/div>\n\t\t\t\t<div class=\"raven-grid-item raven-post-item post-417 post type-post status-publish format-standard has-post-thumbnail hentry category-uncategorized\">\n\t\t\t<div class=\"raven-post\">\n\t\t\t\t\t\t<div class=\"raven-post-image-wrap\">\n\t\t\t<a class=\"raven-post-image raven-image-fit\" href=\"https:\/\/lexis.rs\/en\/razvoj-vestina-crtanja-i-pisanja-do-seste-godine\/\"><img loading=\"lazy\" decoding=\"async\" width=\"1920\" height=\"1200\" src=\"https:\/\/lexis.rs\/wp-content\/uploads\/2020\/11\/lexis_deca_crtaju.jpg\" class=\"attachment-full size-full wp-image-419\" alt=\"\" srcset=\"https:\/\/lexis.rs\/wp-content\/uploads\/2020\/11\/lexis_deca_crtaju.jpg 1920w, https:\/\/lexis.rs\/wp-content\/uploads\/2020\/11\/lexis_deca_crtaju-300x188.jpg 300w, https:\/\/lexis.rs\/wp-content\/uploads\/2020\/11\/lexis_deca_crtaju-1024x640.jpg 1024w, https:\/\/lexis.rs\/wp-content\/uploads\/2020\/11\/lexis_deca_crtaju-768x480.jpg 768w, https:\/\/lexis.rs\/wp-content\/uploads\/2020\/11\/lexis_deca_crtaju-1536x960.jpg 1536w\" sizes=\"(max-width: 1920px) 100vw, 1920px\" \/> <span class=\"raven-post-image-overlay\"><\/span><\/a>\t\t<\/div>\n\t\t\t\t\t\t<div class=\"raven-post-content\">\n\t\t\t\t\t<h3 class=\"raven-post-title\"><a class=\"raven-post-title-link\" href=\"https:\/\/lexis.rs\/en\/razvoj-vestina-crtanja-i-pisanja-do-seste-godine\/\">Razvoj ve\u0161tina crtanja i pisanja do \u0161este godine<\/a><\/h3>\t\t\t\t<\/div>\n\t\t\t<\/div>\n\t\t<\/div>\n\t\t\t\t<div class=\"raven-grid-item raven-post-item post-410 post type-post status-publish format-standard has-post-thumbnail hentry category-uncategorized\">\n\t\t\t<div class=\"raven-post\">\n\t\t\t\t\t\t<div class=\"raven-post-image-wrap\">\n\t\t\t<a class=\"raven-post-image raven-image-fit\" href=\"https:\/\/lexis.rs\/en\/tepanje-los-govorni-model\/\"><img loading=\"lazy\" decoding=\"async\" width=\"1920\" height=\"1200\" src=\"https:\/\/lexis.rs\/wp-content\/uploads\/2020\/11\/lexis_tepanje.jpg\" class=\"attachment-full size-full wp-image-412\" alt=\"\" srcset=\"https:\/\/lexis.rs\/wp-content\/uploads\/2020\/11\/lexis_tepanje.jpg 1920w, https:\/\/lexis.rs\/wp-content\/uploads\/2020\/11\/lexis_tepanje-300x188.jpg 300w, https:\/\/lexis.rs\/wp-content\/uploads\/2020\/11\/lexis_tepanje-1024x640.jpg 1024w, https:\/\/lexis.rs\/wp-content\/uploads\/2020\/11\/lexis_tepanje-768x480.jpg 768w, https:\/\/lexis.rs\/wp-content\/uploads\/2020\/11\/lexis_tepanje-1536x960.jpg 1536w\" sizes=\"(max-width: 1920px) 100vw, 1920px\" \/> <span class=\"raven-post-image-overlay\"><\/span><\/a>\t\t<\/div>\n\t\t\t\t\t\t<div class=\"raven-post-content\">\n\t\t\t\t\t<h3 class=\"raven-post-title\"><a class=\"raven-post-title-link\" href=\"https:\/\/lexis.rs\/en\/tepanje-los-govorni-model\/\">Tepanje &#8211; lo\u0161 govorni model<\/a><\/h3>\t\t\t\t<\/div>\n\t\t\t<\/div>\n\t\t<\/div>\n\t\t\t\t<\/div>\n\t\t\t\t<div class=\"raven-load-more\" data-settings=\"{&quot;maxNumPages&quot;:4}\">\n\t\t\t<a class=\"raven-load-more-button\" href=\"#\"><span class=\"raven-post-button-text\">U\u010ditaj vi\u0161e<\/span><\/a>\n\t\t<\/div>\n\t\t\t\t\t\t<\/div>\n\t\t\t\t<\/div>\n\t\t\t\t\t<\/div>\n\t\t<\/div>\n\t\t\t\t\t<\/div>\n\t\t<\/section>\n\t\t\t\t<\/div>","protected":false},"excerpt":{"rendered":"<p>DIJAGNOZA DISLEKSIJE I MENTALNO ZDRAVLJE Kako pandemija uti\u010de na razvoj govora kod dece Disleksija i kako je prepoznati Prednosti bilingvizma Mucanje \u2013 Psiholo\u0161ki uzroci i posledice Deca \u0161kolskog uzrasta i govorno-jezi\u010dke te\u0161ko\u0107e Razvoj ve\u0161tina crtanja i pisanja do \u0161este godine Tepanje &#8211; lo\u0161 govorni model Brzalice-oru\u0111e za unapre\u0111enje govornih ve\u0161tina U\u010ditaj vi\u0161e<\/p>","protected":false},"author":1,"featured_media":0,"parent":0,"menu_order":0,"comment_status":"closed","ping_status":"closed","template":"elementor_header_footer","meta":{"_acf_changed":false,"footnotes":""},"class_list":["post-187","page","type-page","status-publish","hentry"],"acf":[],"_links":{"self":[{"href":"https:\/\/lexis.rs\/en\/wp-json\/wp\/v2\/pages\/187","targetHints":{"allow":["GET"]}}],"collection":[{"href":"https:\/\/lexis.rs\/en\/wp-json\/wp\/v2\/pages"}],"about":[{"href":"https:\/\/lexis.rs\/en\/wp-json\/wp\/v2\/types\/page"}],"author":[{"embeddable":true,"href":"https:\/\/lexis.rs\/en\/wp-json\/wp\/v2\/users\/1"}],"replies":[{"embeddable":true,"href":"https:\/\/lexis.rs\/en\/wp-json\/wp\/v2\/comments?post=187"}],"version-history":[{"count":21,"href":"https:\/\/lexis.rs\/en\/wp-json\/wp\/v2\/pages\/187\/revisions"}],"predecessor-version":[{"id":701,"href":"https:\/\/lexis.rs\/en\/wp-json\/wp\/v2\/pages\/187\/revisions\/701"}],"wp:attachment":[{"href":"https:\/\/lexis.rs\/en\/wp-json\/wp\/v2\/media?parent=187"}],"curies":[{"name":"wp","href":"https:\/\/api.w.org\/{rel}","templated":true}]}}