{"id":588,"date":"2023-01-16T14:59:10","date_gmt":"2023-01-16T14:59:10","guid":{"rendered":"https:\/\/lexis.rs\/?page_id=588"},"modified":"2024-11-05T12:37:13","modified_gmt":"2024-11-05T12:37:13","slug":"psiholoska-procena","status":"publish","type":"page","link":"https:\/\/lexis.rs\/en\/psiholoska-procena\/","title":{"rendered":"Psychological assessment"},"content":{"rendered":"<div data-elementor-type=\"wp-page\" data-elementor-id=\"588\" class=\"elementor elementor-588\">\n\t\t\t\t\t\t<section class=\"elementor-section elementor-top-section elementor-element elementor-element-b5c3938 elementor-section-height-min-height elementor-section-stretched elementor-section-boxed elementor-section-height-default elementor-section-items-middle\" data-id=\"b5c3938\" data-element_type=\"section\" data-settings=\"{&quot;stretch_section&quot;:&quot;section-stretched&quot;,&quot;background_background&quot;:&quot;classic&quot;}\">\n\t\t\t\t\t\t<div class=\"elementor-container elementor-column-gap-default\">\n\t\t\t\t\t<div class=\"elementor-column elementor-col-50 elementor-top-column elementor-element elementor-element-fa94f6e\" data-id=\"fa94f6e\" data-element_type=\"column\" data-settings=\"{&quot;background_background&quot;:&quot;classic&quot;}\">\n\t\t\t<div class=\"elementor-widget-wrap elementor-element-populated\">\n\t\t\t\t\t\t<div class=\"elementor-element elementor-element-679eb7a elementor-widget elementor-widget-heading\" data-id=\"679eb7a\" data-element_type=\"widget\" data-widget_type=\"heading.default\">\n\t\t\t\t<div class=\"elementor-widget-container\">\n\t\t\t\t\t<h2 class=\"elementor-heading-title elementor-size-default\">Psychological assessment of children, adolescents, and adults<\/h2>\t\t\t\t<\/div>\n\t\t\t\t<\/div>\n\t\t\t\t<div class=\"elementor-element elementor-element-ace2c3c elementor-widget__width-initial elementor-widget elementor-widget-text-editor\" data-id=\"ace2c3c\" data-element_type=\"widget\" data-widget_type=\"text-editor.default\">\n\t\t\t\t<div class=\"elementor-widget-container\">\n\t\t\t\t\t\t\t\t\t<p>Psychological assessments are conducted in consultation with parents or individuals, depending on the age and specific needs of the client. The assessment is aimed at addressing the referral question and encompasses a broad range of objectives, including<\/p>\t\t\t\t\t\t\t\t<\/div>\n\t\t\t\t<\/div>\n\t\t\t\t<div class=\"elementor-element elementor-element-ae6535f elementor-widget elementor-widget-raven-icon\" data-id=\"ae6535f\" data-element_type=\"widget\" data-widget_type=\"raven-icon.default\">\n\t\t\t\t<div class=\"elementor-widget-container\">\n\t\t\t\t\t\t\t<div class=\"raven-icon-wrapper\">\n\t\t\t<a class=\"raven-icon elementor-animation-grow\" href=\"#psiholoska\">\n\t\t\t\t<i aria-hidden=\"true\" class=\"fas fa-chevron-down\"><\/i>\t\t\t<\/a>\n\t\t<\/div>\n\t\t\t\t\t\t<\/div>\n\t\t\t\t<\/div>\n\t\t\t\t\t<\/div>\n\t\t<\/div>\n\t\t\t\t<div class=\"elementor-column elementor-col-50 elementor-top-column elementor-element elementor-element-681eacd\" data-id=\"681eacd\" data-element_type=\"column\">\n\t\t\t<div class=\"elementor-widget-wrap elementor-element-populated\">\n\t\t\t\t\t\t<div class=\"elementor-element elementor-element-75cfdf6 elementor-widget elementor-widget-raven-image\" data-id=\"75cfdf6\" data-element_type=\"widget\" data-widget_type=\"raven-image.default\">\n\t\t\t\t<div class=\"elementor-widget-container\">\n\t\t\t\t\t\t\t<div class=\"raven-image\">\n\t\t\n\t\t\n\t\t<img fetchpriority=\"high\" decoding=\"async\" width=\"1200\" height=\"1200\" src=\"https:\/\/lexis.rs\/wp-content\/uploads\/2024\/10\/lexis_psiholoska_procena.jpg\" class=\"attachment-full size-full wp-image-960\" alt=\"\" srcset=\"https:\/\/lexis.rs\/wp-content\/uploads\/2024\/10\/lexis_psiholoska_procena.jpg 1200w, https:\/\/lexis.rs\/wp-content\/uploads\/2024\/10\/lexis_psiholoska_procena-300x300.jpg 300w, https:\/\/lexis.rs\/wp-content\/uploads\/2024\/10\/lexis_psiholoska_procena-1024x1024.jpg 1024w, https:\/\/lexis.rs\/wp-content\/uploads\/2024\/10\/lexis_psiholoska_procena-150x150.jpg 150w, https:\/\/lexis.rs\/wp-content\/uploads\/2024\/10\/lexis_psiholoska_procena-768x768.jpg 768w, https:\/\/lexis.rs\/wp-content\/uploads\/2024\/10\/lexis_psiholoska_procena-12x12.jpg 12w, https:\/\/lexis.rs\/wp-content\/uploads\/2024\/10\/lexis_psiholoska_procena-500x500.jpg 500w\" sizes=\"(max-width: 1200px) 100vw, 1200px\" \/>\t\t<\/div>\n\t\t\t\t\t\t<\/div>\n\t\t\t\t<\/div>\n\t\t\t\t\t<\/div>\n\t\t<\/div>\n\t\t\t\t\t<\/div>\n\t\t<\/section>\n\t\t\t\t<section class=\"elementor-section elementor-top-section elementor-element elementor-element-9398f31 elementor-section-stretched elementor-section-boxed elementor-section-height-default elementor-section-height-default\" data-id=\"9398f31\" data-element_type=\"section\" id=\"psiholoska\" data-settings=\"{&quot;stretch_section&quot;:&quot;section-stretched&quot;,&quot;background_background&quot;:&quot;classic&quot;}\">\n\t\t\t\t\t\t<div class=\"elementor-container elementor-column-gap-default\">\n\t\t\t\t\t<div class=\"elementor-column elementor-col-100 elementor-top-column elementor-element elementor-element-40045df\" data-id=\"40045df\" data-element_type=\"column\" data-settings=\"{&quot;background_background&quot;:&quot;classic&quot;}\">\n\t\t\t<div class=\"elementor-widget-wrap elementor-element-populated\">\n\t\t\t\t\t\t<section class=\"elementor-section elementor-inner-section elementor-element elementor-element-85f662b elementor-section-boxed elementor-section-height-default elementor-section-height-default\" data-id=\"85f662b\" data-element_type=\"section\">\n\t\t\t\t\t\t<div class=\"elementor-container elementor-column-gap-default\">\n\t\t\t\t\t<div class=\"elementor-column elementor-col-33 elementor-inner-column elementor-element elementor-element-089d4d1\" data-id=\"089d4d1\" data-element_type=\"column\">\n\t\t\t<div class=\"elementor-widget-wrap elementor-element-populated\">\n\t\t\t\t\t\t<div class=\"elementor-element elementor-element-dda6a0c elementor-view-default elementor-position-top elementor-mobile-position-top elementor-widget elementor-widget-icon-box\" data-id=\"dda6a0c\" data-element_type=\"widget\" data-widget_type=\"icon-box.default\">\n\t\t\t\t<div class=\"elementor-widget-container\">\n\t\t\t\t\t\t\t<div class=\"elementor-icon-box-wrapper\">\n\n\t\t\t\t\t\t<div class=\"elementor-icon-box-icon\">\n\t\t\t\t<span  class=\"elementor-icon\">\n\t\t\t\t<i aria-hidden=\"true\" class=\"fas fa-circle\"><\/i>\t\t\t\t<\/span>\n\t\t\t<\/div>\n\t\t\t\n\t\t\t\t\t\t<div class=\"elementor-icon-box-content\">\n\n\t\t\t\t\t\t\t\t\t<h3 class=\"elementor-icon-box-title\">\n\t\t\t\t\t\t<span  >\n\t\t\t\t\t\t\tIdentification and diagnosis of psychopathological conditions, such as depressive and anxiety disorders, Attention Deficit Hyperactivity Disorder (ADHD), personality disorders, and disorders on the autism spectrum\t\t\t\t\t\t<\/span>\n\t\t\t\t\t<\/h3>\n\t\t\t\t\n\t\t\t\t\n\t\t\t<\/div>\n\t\t\t\n\t\t<\/div>\n\t\t\t\t\t\t<\/div>\n\t\t\t\t<\/div>\n\t\t\t\t\t<\/div>\n\t\t<\/div>\n\t\t\t\t<div class=\"elementor-column elementor-col-33 elementor-inner-column elementor-element elementor-element-ec30775\" data-id=\"ec30775\" data-element_type=\"column\">\n\t\t\t<div class=\"elementor-widget-wrap elementor-element-populated\">\n\t\t\t\t\t\t<div class=\"elementor-element elementor-element-90dc59f elementor-view-default elementor-position-top elementor-mobile-position-top elementor-widget elementor-widget-icon-box\" data-id=\"90dc59f\" data-element_type=\"widget\" data-widget_type=\"icon-box.default\">\n\t\t\t\t<div class=\"elementor-widget-container\">\n\t\t\t\t\t\t\t<div class=\"elementor-icon-box-wrapper\">\n\n\t\t\t\t\t\t<div class=\"elementor-icon-box-icon\">\n\t\t\t\t<span  class=\"elementor-icon\">\n\t\t\t\t<i aria-hidden=\"true\" class=\"fas fa-circle\"><\/i>\t\t\t\t<\/span>\n\t\t\t<\/div>\n\t\t\t\n\t\t\t\t\t\t<div class=\"elementor-icon-box-content\">\n\n\t\t\t\t\t\t\t\t\t<h3 class=\"elementor-icon-box-title\">\n\t\t\t\t\t\t<span  >\n\t\t\t\t\t\t\tEvaluation of cognitive functions, with a particular focus on intellectual abilities\t\t\t\t\t\t<\/span>\n\t\t\t\t\t<\/h3>\n\t\t\t\t\n\t\t\t\t\n\t\t\t<\/div>\n\t\t\t\n\t\t<\/div>\n\t\t\t\t\t\t<\/div>\n\t\t\t\t<\/div>\n\t\t\t\t\t<\/div>\n\t\t<\/div>\n\t\t\t\t<div class=\"elementor-column elementor-col-33 elementor-inner-column elementor-element elementor-element-e30015e\" data-id=\"e30015e\" data-element_type=\"column\">\n\t\t\t<div class=\"elementor-widget-wrap elementor-element-populated\">\n\t\t\t\t\t\t<div class=\"elementor-element elementor-element-b982f93 elementor-view-default elementor-position-top elementor-mobile-position-top elementor-widget elementor-widget-icon-box\" data-id=\"b982f93\" data-element_type=\"widget\" data-widget_type=\"icon-box.default\">\n\t\t\t\t<div class=\"elementor-widget-container\">\n\t\t\t\t\t\t\t<div class=\"elementor-icon-box-wrapper\">\n\n\t\t\t\t\t\t<div class=\"elementor-icon-box-icon\">\n\t\t\t\t<span  class=\"elementor-icon\">\n\t\t\t\t<i aria-hidden=\"true\" class=\"fas fa-circle\"><\/i>\t\t\t\t<\/span>\n\t\t\t<\/div>\n\t\t\t\n\t\t\t\t\t\t<div class=\"elementor-icon-box-content\">\n\n\t\t\t\t\t\t\t\t\t<h3 class=\"elementor-icon-box-title\">\n\t\t\t\t\t\t<span  >\n\t\t\t\t\t\t\tAssessment of personality and developmental characteristics\t\t\t\t\t\t<\/span>\n\t\t\t\t\t<\/h3>\n\t\t\t\t\n\t\t\t\t\n\t\t\t<\/div>\n\t\t\t\n\t\t<\/div>\n\t\t\t\t\t\t<\/div>\n\t\t\t\t<\/div>\n\t\t\t\t\t<\/div>\n\t\t<\/div>\n\t\t\t\t\t<\/div>\n\t\t<\/section>\n\t\t\t\t<div class=\"elementor-element elementor-element-ca238cd elementor-widget__width-initial elementor-widget elementor-widget-text-editor\" data-id=\"ca238cd\" data-element_type=\"widget\" data-widget_type=\"text-editor.default\">\n\t\t\t\t<div class=\"elementor-widget-container\">\n\t\t\t\t\t\t\t\t\t<p>These assessments are carried out by a specialist in medical (clinical) psychology with extensive experience in dealing with complex clinical, psychiatric, and neurological issues.<\/p>\t\t\t\t\t\t\t\t<\/div>\n\t\t\t\t<\/div>\n\t\t\t\t\t<\/div>\n\t\t<\/div>\n\t\t\t\t\t<\/div>\n\t\t<\/section>\n\t\t\t\t<section class=\"elementor-section elementor-top-section elementor-element elementor-element-20885ad elementor-section-boxed elementor-section-height-default elementor-section-height-default\" data-id=\"20885ad\" data-element_type=\"section\">\n\t\t\t\t\t\t<div class=\"elementor-container elementor-column-gap-default\">\n\t\t\t\t\t<div class=\"elementor-column elementor-col-100 elementor-top-column elementor-element elementor-element-b44b665\" data-id=\"b44b665\" data-element_type=\"column\">\n\t\t\t<div class=\"elementor-widget-wrap elementor-element-populated\">\n\t\t\t\t\t\t<div class=\"elementor-element elementor-element-92a434b raven-cta--skin-classic elementor-animated-content raven-bg-transform raven-bg-transform-zoom-in elementor-widget elementor-widget-raven-call-to-action\" data-id=\"92a434b\" data-element_type=\"widget\" data-widget_type=\"raven-call-to-action.default\">\n\t\t\t\t<div class=\"elementor-widget-container\">\n\t\t\t\t\t<div  class=\"raven-cta\">\n\t\t\t\t\t\t\t<div class=\"raven-cta__content\">\n\t\t\t\t\n\t\t\t\t<h2 class=\"raven-cta__title raven-cta__content-item elementor-content-item\">Our goal is growth, development, and support of our clients. Courageously, confidently, together!<\/h2>\n\t\t\t\t\t\t\t\t\t<div class=\"raven-cta__description raven-cta__content-item elementor-content-item\">\n\t\t\t\t\t\tArrange your first appointment\t\t\t\t\t<\/div>\n\t\t\t\t\n\t\t\t\t\t\t\t\t\t<div class=\"raven-cta__button-wrapper raven-cta__content-item elementor-content-item\">\n\t\t\t\t\t<a class=\"raven-cta__button elementor-button\">\n\t\t\t\t\t\t+381 69 13 03 505\t\t\t\t\t<\/a>\n\t\t\t\t\t<\/div>\n\t\t\t\t\n\t\t\t\t\t\t\t<\/div>\n\t\t\t\t<\/div>\n\t\t\t\t\t\t<\/div>\n\t\t\t\t<\/div>\n\t\t\t\t\t<\/div>\n\t\t<\/div>\n\t\t\t\t\t<\/div>\n\t\t<\/section>\n\t\t\t\t<\/div>","protected":false},"excerpt":{"rendered":"<p>Psiholo\u0161ka procena (testiranje) dece, adolescenata i odraslih Psiholo\u0161ka procena se vr\u0161i u dogovoru sa roditeljima ili pojedincima, u zavisnosti od uzrasta i specifi\u010dnih potreba klijenta. Procena je usmerena na re\u0161avanje uputnog pitanja i obuhvata \u0161irok spektar ciljeva, uklju\u010duju\u0107i Identifikaciju i dijagnostiku psihopatolo\u0161kih stanja, kao \u0161to su depresivni i anksiozni poreme\u0107aji, poreme\u0107aj pa\u017enje i hiperaktivnosti (ADHD), [&hellip;]<\/p>","protected":false},"author":1,"featured_media":0,"parent":0,"menu_order":0,"comment_status":"closed","ping_status":"closed","template":"elementor_header_footer","meta":{"_acf_changed":false,"footnotes":""},"class_list":["post-588","page","type-page","status-publish","hentry"],"acf":[],"_links":{"self":[{"href":"https:\/\/lexis.rs\/en\/wp-json\/wp\/v2\/pages\/588","targetHints":{"allow":["GET"]}}],"collection":[{"href":"https:\/\/lexis.rs\/en\/wp-json\/wp\/v2\/pages"}],"about":[{"href":"https:\/\/lexis.rs\/en\/wp-json\/wp\/v2\/types\/page"}],"author":[{"embeddable":true,"href":"https:\/\/lexis.rs\/en\/wp-json\/wp\/v2\/users\/1"}],"replies":[{"embeddable":true,"href":"https:\/\/lexis.rs\/en\/wp-json\/wp\/v2\/comments?post=588"}],"version-history":[{"count":40,"href":"https:\/\/lexis.rs\/en\/wp-json\/wp\/v2\/pages\/588\/revisions"}],"predecessor-version":[{"id":1192,"href":"https:\/\/lexis.rs\/en\/wp-json\/wp\/v2\/pages\/588\/revisions\/1192"}],"wp:attachment":[{"href":"https:\/\/lexis.rs\/en\/wp-json\/wp\/v2\/media?parent=588"}],"curies":[{"name":"wp","href":"https:\/\/api.w.org\/{rel}","templated":true}]}}