{"id":6,"date":"2020-08-31T10:31:35","date_gmt":"2020-08-31T10:31:35","guid":{"rendered":"https:\/\/lexis.avionicsalescorporation.com\/?page_id=6"},"modified":"2025-12-05T09:29:18","modified_gmt":"2025-12-05T09:29:18","slug":"pocetna","status":"publish","type":"page","link":"https:\/\/lexis.rs\/en\/","title":{"rendered":"Home"},"content":{"rendered":"<div data-elementor-type=\"wp-page\" data-elementor-id=\"6\" class=\"elementor elementor-6\">\n\t\t\t\t\t\t<section class=\"elementor-section elementor-top-section elementor-element elementor-element-a3c5c78 elementor-section-height-min-height elementor-section-stretched elementor-section-boxed elementor-section-height-default elementor-section-items-middle\" data-id=\"a3c5c78\" data-element_type=\"section\" data-settings=\"{&quot;stretch_section&quot;:&quot;section-stretched&quot;,&quot;background_background&quot;:&quot;classic&quot;}\">\n\t\t\t\t\t\t<div class=\"elementor-container elementor-column-gap-default\">\n\t\t\t\t\t<div class=\"elementor-column elementor-col-50 elementor-top-column elementor-element elementor-element-b784176\" data-id=\"b784176\" data-element_type=\"column\" data-settings=\"{&quot;background_background&quot;:&quot;classic&quot;}\">\n\t\t\t<div class=\"elementor-widget-wrap elementor-element-populated\">\n\t\t\t\t\t\t<div class=\"elementor-element elementor-element-b64aea8 elementor-widget__width-initial elementor-widget elementor-widget-text-editor\" data-id=\"b64aea8\" data-element_type=\"widget\" data-widget_type=\"text-editor.default\">\n\t\t\t\t<div class=\"elementor-widget-container\">\n\t\t\t\t\t\t\t\t\t<p class=\"translation-block\">Lexis centre was founded with the purpose to provide high quality of diagnostics and therapy for children, adolescents and adults. In doing so, our mission is to help our clients achieve their full potential.<\/p>\t\t\t\t\t\t\t\t<\/div>\n\t\t\t\t<\/div>\n\t\t\t\t<div class=\"elementor-element elementor-element-63cccd2 elementor-widget elementor-widget-text-editor\" data-id=\"63cccd2\" data-element_type=\"widget\" data-widget_type=\"text-editor.default\">\n\t\t\t\t<div class=\"elementor-widget-container\">\n\t\t\t\t\t\t\t\t\t<p>We offer a flexible, individual and a personalized approach for all our clients.<\/p>\t\t\t\t\t\t\t\t<\/div>\n\t\t\t\t<\/div>\n\t\t\t\t<div class=\"elementor-element elementor-element-7e639ad elementor-tablet-align-center elementor-mobile-align-center elementor-widget elementor-widget-raven-button\" data-id=\"7e639ad\" data-element_type=\"widget\" data-settings=\"{&quot;turn_to_popup_action_button&quot;:&quot;no&quot;}\" data-widget_type=\"raven-button.default\">\n\t\t\t\t<div class=\"elementor-widget-container\">\n\t\t\t\t\t\t\t<div class=\"raven-widget-wrapper\">\n\t\t\t<a class=\"raven-button raven-button-widget-normal-effect-none  raven-button-text-align-center raven-button-link elementor-animation-none\" href=\"#uslugehome\">\t\t\t\t<div class=\"raven-button-overlay\" ><\/div>\n\t\t\t\t<span class=\"raven-button-content\">\n\t\t\t\t\t\n\t\t\t\t\t<div class=\"button-text-container\">\n\t\t\t\t\t\t\t\t\t\t\t\t<div class=\"raven-button-texts-wrapper\">\n\t\t\t\t\t\t\t<div class=\"button-text\">\n\t\t\t\t\t\t\t\t<span class=\"raven-button-text\">\n\t\t\t\t\t\t\t\t\tServices\t\t\t\t\t\t\t\t<\/span>\n\t\t\t\t\t\t\t<\/div>\n\t\t\t\t\t\t\t\t\t\t\t\t\t<\/div>\n\t\t\t\t\t\t\t\t\t\t\t<\/div>\n\t\t\t\t\t\n\t\t\t\t\t\t\t\t\t<\/span>\n\t\t\t<\/a>\t\t<\/div>\n\t\t\t\t\t\t<\/div>\n\t\t\t\t<\/div>\n\t\t\t\t\t<\/div>\n\t\t<\/div>\n\t\t\t\t<div class=\"elementor-column elementor-col-50 elementor-top-column elementor-element elementor-element-a9387b0\" data-id=\"a9387b0\" data-element_type=\"column\">\n\t\t\t<div class=\"elementor-widget-wrap elementor-element-populated\">\n\t\t\t\t\t\t<div class=\"elementor-element elementor-element-93f12a3 elementor-widget elementor-widget-raven-image\" data-id=\"93f12a3\" data-element_type=\"widget\" data-widget_type=\"raven-image.default\">\n\t\t\t\t<div class=\"elementor-widget-container\">\n\t\t\t\t\t\t\t<div class=\"raven-image\">\n\t\t\n\t\t\n\t\t<img fetchpriority=\"high\" decoding=\"async\" width=\"1200\" height=\"1200\" src=\"https:\/\/lexis.rs\/wp-content\/uploads\/2024\/10\/lexis_porodica.jpg\" class=\"attachment-full size-full wp-image-972\" alt=\"\" srcset=\"https:\/\/lexis.rs\/wp-content\/uploads\/2024\/10\/lexis_porodica.jpg 1200w, https:\/\/lexis.rs\/wp-content\/uploads\/2024\/10\/lexis_porodica-300x300.jpg 300w, https:\/\/lexis.rs\/wp-content\/uploads\/2024\/10\/lexis_porodica-1024x1024.jpg 1024w, https:\/\/lexis.rs\/wp-content\/uploads\/2024\/10\/lexis_porodica-150x150.jpg 150w, https:\/\/lexis.rs\/wp-content\/uploads\/2024\/10\/lexis_porodica-768x768.jpg 768w, https:\/\/lexis.rs\/wp-content\/uploads\/2024\/10\/lexis_porodica-12x12.jpg 12w, https:\/\/lexis.rs\/wp-content\/uploads\/2024\/10\/lexis_porodica-500x500.jpg 500w\" sizes=\"(max-width: 1200px) 100vw, 1200px\" \/>\t\t<\/div>\n\t\t\t\t\t\t<\/div>\n\t\t\t\t<\/div>\n\t\t\t\t\t<\/div>\n\t\t<\/div>\n\t\t\t\t\t<\/div>\n\t\t<\/section>\n\t\t\t\t<section class=\"elementor-section elementor-top-section elementor-element elementor-element-a1ea39e elementor-section-height-min-height elementor-section-boxed elementor-section-height-default elementor-section-items-middle\" data-id=\"a1ea39e\" data-element_type=\"section\" id=\"uslugehome\">\n\t\t\t\t\t\t<div class=\"elementor-container elementor-column-gap-default\">\n\t\t\t\t\t<div class=\"elementor-column elementor-col-100 elementor-top-column elementor-element elementor-element-91dddbb\" data-id=\"91dddbb\" data-element_type=\"column\" data-settings=\"{&quot;background_background&quot;:&quot;classic&quot;}\">\n\t\t\t<div class=\"elementor-widget-wrap elementor-element-populated\">\n\t\t\t\t\t\t<div class=\"elementor-element elementor-element-bcf57bb elementor-position-left elementor-position-top elementor-vertical-align-middle elementor-widget elementor-widget-image-box\" data-id=\"bcf57bb\" data-element_type=\"widget\" data-widget_type=\"image-box.default\">\n\t\t\t\t<div class=\"elementor-widget-container\">\n\t\t\t\t\t<div class=\"elementor-image-box-wrapper\"><figure class=\"elementor-image-box-img\"><a href=\"https:\/\/lexis.rs\/en\/rad-sa-decom\/\" tabindex=\"-1\"><img decoding=\"async\" width=\"1920\" height=\"1200\" src=\"https:\/\/lexis.rs\/wp-content\/uploads\/2024\/10\/lexis_deca.jpg\" class=\"attachment-full size-full wp-image-790\" alt=\"\" srcset=\"https:\/\/lexis.rs\/wp-content\/uploads\/2024\/10\/lexis_deca.jpg 1920w, https:\/\/lexis.rs\/wp-content\/uploads\/2024\/10\/lexis_deca-300x188.jpg 300w, https:\/\/lexis.rs\/wp-content\/uploads\/2024\/10\/lexis_deca-1024x640.jpg 1024w, https:\/\/lexis.rs\/wp-content\/uploads\/2024\/10\/lexis_deca-768x480.jpg 768w, https:\/\/lexis.rs\/wp-content\/uploads\/2024\/10\/lexis_deca-1536x960.jpg 1536w, https:\/\/lexis.rs\/wp-content\/uploads\/2024\/10\/lexis_deca-18x12.jpg 18w\" sizes=\"(max-width: 1920px) 100vw, 1920px\" \/><\/a><\/figure><div class=\"elementor-image-box-content\"><h3 class=\"elementor-image-box-title\"><a href=\"https:\/\/lexis.rs\/en\/rad-sa-decom\/\">Children<\/a><\/h3><p class=\"elementor-image-box-description\">Find out more<\/p><\/div><\/div>\t\t\t\t<\/div>\n\t\t\t\t<\/div>\n\t\t\t\t<div class=\"elementor-element elementor-element-cd3628b elementor-position-right elementor-position-top elementor-vertical-align-middle elementor-widget elementor-widget-image-box\" data-id=\"cd3628b\" data-element_type=\"widget\" data-widget_type=\"image-box.default\">\n\t\t\t\t<div class=\"elementor-widget-container\">\n\t\t\t\t\t<div class=\"elementor-image-box-wrapper\"><figure class=\"elementor-image-box-img\"><a href=\"https:\/\/lexis.rs\/en\/porodicna-terapija\/\" tabindex=\"-1\"><img decoding=\"async\" width=\"1920\" height=\"1200\" src=\"https:\/\/lexis.rs\/wp-content\/uploads\/2024\/10\/lexis_porodicna_terapija.jpg\" class=\"attachment-full size-full wp-image-791\" alt=\"\" srcset=\"https:\/\/lexis.rs\/wp-content\/uploads\/2024\/10\/lexis_porodicna_terapija.jpg 1920w, https:\/\/lexis.rs\/wp-content\/uploads\/2024\/10\/lexis_porodicna_terapija-300x188.jpg 300w, https:\/\/lexis.rs\/wp-content\/uploads\/2024\/10\/lexis_porodicna_terapija-1024x640.jpg 1024w, https:\/\/lexis.rs\/wp-content\/uploads\/2024\/10\/lexis_porodicna_terapija-768x480.jpg 768w, https:\/\/lexis.rs\/wp-content\/uploads\/2024\/10\/lexis_porodicna_terapija-1536x960.jpg 1536w, https:\/\/lexis.rs\/wp-content\/uploads\/2024\/10\/lexis_porodicna_terapija-18x12.jpg 18w\" sizes=\"(max-width: 1920px) 100vw, 1920px\" \/><\/a><\/figure><div class=\"elementor-image-box-content\"><h3 class=\"elementor-image-box-title\"><a href=\"https:\/\/lexis.rs\/en\/porodicna-terapija\/\">Family counseling<\/a><\/h3><p class=\"elementor-image-box-description\">Find out more<\/p><\/div><\/div>\t\t\t\t<\/div>\n\t\t\t\t<\/div>\n\t\t\t\t<div class=\"elementor-element elementor-element-f3fd66d elementor-position-left elementor-position-top elementor-vertical-align-middle elementor-widget elementor-widget-image-box\" data-id=\"f3fd66d\" data-element_type=\"widget\" data-widget_type=\"image-box.default\">\n\t\t\t\t<div class=\"elementor-widget-container\">\n\t\t\t\t\t<div class=\"elementor-image-box-wrapper\"><figure class=\"elementor-image-box-img\"><a href=\"https:\/\/lexis.rs\/en\/psihoterapija-adolescenata-i-odraslih\/\" tabindex=\"-1\"><img loading=\"lazy\" decoding=\"async\" width=\"1920\" height=\"1200\" src=\"https:\/\/lexis.rs\/wp-content\/uploads\/2024\/10\/lexis_odrasli.jpg\" class=\"attachment-full size-full wp-image-792\" alt=\"\" srcset=\"https:\/\/lexis.rs\/wp-content\/uploads\/2024\/10\/lexis_odrasli.jpg 1920w, https:\/\/lexis.rs\/wp-content\/uploads\/2024\/10\/lexis_odrasli-300x188.jpg 300w, https:\/\/lexis.rs\/wp-content\/uploads\/2024\/10\/lexis_odrasli-1024x640.jpg 1024w, https:\/\/lexis.rs\/wp-content\/uploads\/2024\/10\/lexis_odrasli-768x480.jpg 768w, https:\/\/lexis.rs\/wp-content\/uploads\/2024\/10\/lexis_odrasli-1536x960.jpg 1536w, https:\/\/lexis.rs\/wp-content\/uploads\/2024\/10\/lexis_odrasli-18x12.jpg 18w\" sizes=\"(max-width: 1920px) 100vw, 1920px\" \/><\/a><\/figure><div class=\"elementor-image-box-content\"><h3 class=\"elementor-image-box-title\"><a href=\"https:\/\/lexis.rs\/en\/psihoterapija-adolescenata-i-odraslih\/\">psychotherapy for adolescents and adults<\/a><\/h3><p class=\"elementor-image-box-description\">Find out more<\/p><\/div><\/div>\t\t\t\t<\/div>\n\t\t\t\t<\/div>\n\t\t\t\t<div class=\"elementor-element elementor-element-4a06c72 elementor-position-right elementor-position-top elementor-vertical-align-middle elementor-widget elementor-widget-image-box\" data-id=\"4a06c72\" data-element_type=\"widget\" data-widget_type=\"image-box.default\">\n\t\t\t\t<div class=\"elementor-widget-container\">\n\t\t\t\t\t<div class=\"elementor-image-box-wrapper\"><figure class=\"elementor-image-box-img\"><a href=\"https:\/\/lexis.rs\/en\/partnerska-psihoterapija\/\" tabindex=\"-1\"><img loading=\"lazy\" decoding=\"async\" width=\"1920\" height=\"1200\" src=\"https:\/\/lexis.rs\/wp-content\/uploads\/2025\/12\/lexis_partnerska_psihoterapija.jpg\" class=\"attachment-full size-full wp-image-1231\" alt=\"\" srcset=\"https:\/\/lexis.rs\/wp-content\/uploads\/2025\/12\/lexis_partnerska_psihoterapija.jpg 1920w, https:\/\/lexis.rs\/wp-content\/uploads\/2025\/12\/lexis_partnerska_psihoterapija-300x188.jpg 300w, https:\/\/lexis.rs\/wp-content\/uploads\/2025\/12\/lexis_partnerska_psihoterapija-1024x640.jpg 1024w, https:\/\/lexis.rs\/wp-content\/uploads\/2025\/12\/lexis_partnerska_psihoterapija-768x480.jpg 768w, https:\/\/lexis.rs\/wp-content\/uploads\/2025\/12\/lexis_partnerska_psihoterapija-1536x960.jpg 1536w, https:\/\/lexis.rs\/wp-content\/uploads\/2025\/12\/lexis_partnerska_psihoterapija-18x12.jpg 18w\" sizes=\"(max-width: 1920px) 100vw, 1920px\" \/><\/a><\/figure><div class=\"elementor-image-box-content\"><h3 class=\"elementor-image-box-title\"><a href=\"https:\/\/lexis.rs\/en\/partnerska-psihoterapija\/\">Partnerska psihoterapija<\/a><\/h3><p class=\"elementor-image-box-description\">Find out more<\/p><\/div><\/div>\t\t\t\t<\/div>\n\t\t\t\t<\/div>\n\t\t\t\t\t<\/div>\n\t\t<\/div>\n\t\t\t\t\t<\/div>\n\t\t<\/section>\n\t\t\t\t<section class=\"elementor-section elementor-top-section elementor-element elementor-element-7f4cfbb elementor-section-boxed elementor-section-height-default elementor-section-height-default\" data-id=\"7f4cfbb\" data-element_type=\"section\">\n\t\t\t\t\t\t<div class=\"elementor-container elementor-column-gap-default\">\n\t\t\t\t\t<div class=\"elementor-column elementor-col-100 elementor-top-column elementor-element elementor-element-482630c\" data-id=\"482630c\" data-element_type=\"column\">\n\t\t\t<div class=\"elementor-widget-wrap elementor-element-populated\">\n\t\t\t\t\t\t<div class=\"elementor-element elementor-element-9cc37bd raven-cta--skin-classic elementor-animated-content raven-bg-transform raven-bg-transform-zoom-in elementor-widget elementor-widget-raven-call-to-action\" data-id=\"9cc37bd\" data-element_type=\"widget\" data-widget_type=\"raven-call-to-action.default\">\n\t\t\t\t<div class=\"elementor-widget-container\">\n\t\t\t\t\t<div  class=\"raven-cta\">\n\t\t\t\t\t\t\t<div class=\"raven-cta__content\">\n\t\t\t\t\n\t\t\t\t<h2 class=\"raven-cta__title raven-cta__content-item elementor-content-item\">Our goal is growth, development, and support of our clients. Courageously, confidently, together!<\/h2>\n\t\t\t\t\t\t\t\t\t<div class=\"raven-cta__description raven-cta__content-item elementor-content-item\">\n\t\t\t\t\t\tArrange your first appointment\t\t\t\t\t<\/div>\n\t\t\t\t\n\t\t\t\t\t\t\t\t\t<div class=\"raven-cta__button-wrapper raven-cta__content-item elementor-content-item\">\n\t\t\t\t\t<a class=\"raven-cta__button elementor-button\">\n\t\t\t\t\t\t+381 69 13 03 505\t\t\t\t\t<\/a>\n\t\t\t\t\t<\/div>\n\t\t\t\t\n\t\t\t\t\t\t\t<\/div>\n\t\t\t\t<\/div>\n\t\t\t\t\t\t<\/div>\n\t\t\t\t<\/div>\n\t\t\t\t\t<\/div>\n\t\t<\/div>\n\t\t\t\t\t<\/div>\n\t\t<\/section>\n\t\t\t\t<\/div>","protected":false},"excerpt":{"rendered":"<p>Lexis centar je osnovan s namerom da pru\u017ei najkvalitetniju dijagnostiku i terapiju kako deci, tako i odraslima. Na\u0161a misija je da pomognemo klijentima da postignu svoj puni potencijal. U radu sa klijentima nagla\u0161avamo fleksibilan i individualan pristup. Usluge Rad sa decom saznaj vi\u0161e Porodi\u010dna terapija saznaj vi\u0161e rad sa odraslima i adolescentima saznaj vi\u0161e Partnerska [&hellip;]<\/p>","protected":false},"author":1,"featured_media":0,"parent":0,"menu_order":0,"comment_status":"closed","ping_status":"closed","template":"elementor_header_footer","meta":{"_acf_changed":false,"footnotes":""},"class_list":["post-6","page","type-page","status-publish","hentry"],"acf":[],"_links":{"self":[{"href":"https:\/\/lexis.rs\/en\/wp-json\/wp\/v2\/pages\/6","targetHints":{"allow":["GET"]}}],"collection":[{"href":"https:\/\/lexis.rs\/en\/wp-json\/wp\/v2\/pages"}],"about":[{"href":"https:\/\/lexis.rs\/en\/wp-json\/wp\/v2\/types\/page"}],"author":[{"embeddable":true,"href":"https:\/\/lexis.rs\/en\/wp-json\/wp\/v2\/users\/1"}],"replies":[{"embeddable":true,"href":"https:\/\/lexis.rs\/en\/wp-json\/wp\/v2\/comments?post=6"}],"version-history":[{"count":150,"href":"https:\/\/lexis.rs\/en\/wp-json\/wp\/v2\/pages\/6\/revisions"}],"predecessor-version":[{"id":1238,"href":"https:\/\/lexis.rs\/en\/wp-json\/wp\/v2\/pages\/6\/revisions\/1238"}],"wp:attachment":[{"href":"https:\/\/lexis.rs\/en\/wp-json\/wp\/v2\/media?parent=6"}],"curies":[{"name":"wp","href":"https:\/\/api.w.org\/{rel}","templated":true}]}}