{"id":72,"date":"2020-08-31T12:46:32","date_gmt":"2020-08-31T12:46:32","guid":{"rendered":"https:\/\/lexis.avionicsalescorporation.com\/?page_id=72"},"modified":"2026-04-16T12:53:42","modified_gmt":"2026-04-16T12:53:42","slug":"o-centru","status":"publish","type":"page","link":"https:\/\/lexis.rs\/en\/o-centru\/","title":{"rendered":"About center"},"content":{"rendered":"<div data-elementor-type=\"wp-page\" data-elementor-id=\"72\" class=\"elementor elementor-72\">\n\t\t\t\t\t\t<section class=\"elementor-section elementor-top-section elementor-element elementor-element-cc509cc elementor-section-height-min-height elementor-section-stretched elementor-section-boxed elementor-section-height-default elementor-section-items-middle\" data-id=\"cc509cc\" data-element_type=\"section\" data-settings=\"{&quot;stretch_section&quot;:&quot;section-stretched&quot;,&quot;background_background&quot;:&quot;classic&quot;}\">\n\t\t\t\t\t\t<div class=\"elementor-container elementor-column-gap-default\">\n\t\t\t\t\t<div class=\"elementor-column elementor-col-50 elementor-top-column elementor-element elementor-element-3c14e1d\" data-id=\"3c14e1d\" data-element_type=\"column\" data-settings=\"{&quot;background_background&quot;:&quot;classic&quot;}\">\n\t\t\t<div class=\"elementor-widget-wrap elementor-element-populated\">\n\t\t\t\t\t\t<div class=\"elementor-element elementor-element-87e044e elementor-widget__width-initial elementor-widget elementor-widget-text-editor\" data-id=\"87e044e\" data-element_type=\"widget\" data-widget_type=\"text-editor.default\">\n\t\t\t\t<div class=\"elementor-widget-container\">\n\t\t\t\t\t\t\t\t\t<p>Lexis is an independent therapy centre made of professionals from the field of psychology, speech therapy and psychotherapy. We offer diagnostic, prevention, counselling and psychotherapy. Clients address us for speech and language challenges and psychological issues. Our knowledge and experience are particularly beneficial for children, parents, partners, and individuals facing developmental crises, such as family formation, developmental difficulties in children, learning challenges, adolescence, partnership issues, and divorce.<\/p>\t\t\t\t\t\t\t\t<\/div>\n\t\t\t\t<\/div>\n\t\t\t\t<div class=\"elementor-element elementor-element-ef78010 elementor-widget elementor-widget-raven-icon\" data-id=\"ef78010\" data-element_type=\"widget\" data-widget_type=\"raven-icon.default\">\n\t\t\t\t<div class=\"elementor-widget-container\">\n\t\t\t\t\t\t\t<div class=\"raven-icon-wrapper\">\n\t\t\t<a class=\"raven-icon elementor-animation-grow\" href=\"#drugiboksonama\">\n\t\t\t\t<i aria-hidden=\"true\" class=\"fas fa-chevron-down\"><\/i>\t\t\t<\/a>\n\t\t<\/div>\n\t\t\t\t\t\t<\/div>\n\t\t\t\t<\/div>\n\t\t\t\t\t<\/div>\n\t\t<\/div>\n\t\t\t\t<div class=\"elementor-column elementor-col-50 elementor-top-column elementor-element elementor-element-aabca98\" data-id=\"aabca98\" data-element_type=\"column\">\n\t\t\t<div class=\"elementor-widget-wrap elementor-element-populated\">\n\t\t\t\t\t\t<div class=\"elementor-element elementor-element-8558fad elementor-widget elementor-widget-raven-image\" data-id=\"8558fad\" data-element_type=\"widget\" data-widget_type=\"raven-image.default\">\n\t\t\t\t<div class=\"elementor-widget-container\">\n\t\t\t\t\t\t\t<div class=\"raven-image\">\n\t\t\n\t\t\n\t\t<img fetchpriority=\"high\" decoding=\"async\" width=\"1200\" height=\"1200\" src=\"https:\/\/lexis.rs\/wp-content\/uploads\/2024\/10\/lexis_o_nama_main-e1729543379394.jpg\" class=\"attachment-full size-full wp-image-968\" alt=\"\" srcset=\"https:\/\/lexis.rs\/wp-content\/uploads\/2024\/10\/lexis_o_nama_main-e1729543379394.jpg 1200w, https:\/\/lexis.rs\/wp-content\/uploads\/2024\/10\/lexis_o_nama_main-e1729543379394-300x300.jpg 300w, https:\/\/lexis.rs\/wp-content\/uploads\/2024\/10\/lexis_o_nama_main-e1729543379394-1024x1024.jpg 1024w, https:\/\/lexis.rs\/wp-content\/uploads\/2024\/10\/lexis_o_nama_main-e1729543379394-150x150.jpg 150w, https:\/\/lexis.rs\/wp-content\/uploads\/2024\/10\/lexis_o_nama_main-e1729543379394-768x768.jpg 768w, https:\/\/lexis.rs\/wp-content\/uploads\/2024\/10\/lexis_o_nama_main-e1729543379394-12x12.jpg 12w, https:\/\/lexis.rs\/wp-content\/uploads\/2024\/10\/lexis_o_nama_main-e1729543379394-500x500.jpg 500w\" sizes=\"(max-width: 1200px) 100vw, 1200px\" \/>\t\t<\/div>\n\t\t\t\t\t\t<\/div>\n\t\t\t\t<\/div>\n\t\t\t\t\t<\/div>\n\t\t<\/div>\n\t\t\t\t\t<\/div>\n\t\t<\/section>\n\t\t\t\t<section class=\"elementor-section elementor-top-section elementor-element elementor-element-1806ad1 elementor-section-height-min-height elementor-section-stretched elementor-section-boxed elementor-section-height-default elementor-section-items-middle\" data-id=\"1806ad1\" data-element_type=\"section\" id=\"drugiboksonama\" data-settings=\"{&quot;stretch_section&quot;:&quot;section-stretched&quot;,&quot;background_background&quot;:&quot;classic&quot;}\">\n\t\t\t\t\t\t<div class=\"elementor-container elementor-column-gap-default\">\n\t\t\t\t\t<div class=\"elementor-column elementor-col-50 elementor-top-column elementor-element elementor-element-547fdc1\" data-id=\"547fdc1\" data-element_type=\"column\">\n\t\t\t<div class=\"elementor-widget-wrap elementor-element-populated\">\n\t\t\t\t\t\t<div class=\"elementor-element elementor-element-a7dd371 elementor-widget elementor-widget-raven-image\" data-id=\"a7dd371\" data-element_type=\"widget\" data-widget_type=\"raven-image.default\">\n\t\t\t\t<div class=\"elementor-widget-container\">\n\t\t\t\t\t\t\t<div class=\"raven-image\">\n\t\t\n\t\t\n\t\t<img decoding=\"async\" width=\"1200\" height=\"1200\" src=\"https:\/\/lexis.rs\/wp-content\/uploads\/2024\/10\/lexis_dete_i_doktor_o_nama.jpg\" class=\"attachment-full size-full wp-image-861\" alt=\"\" srcset=\"https:\/\/lexis.rs\/wp-content\/uploads\/2024\/10\/lexis_dete_i_doktor_o_nama.jpg 1200w, https:\/\/lexis.rs\/wp-content\/uploads\/2024\/10\/lexis_dete_i_doktor_o_nama-300x300.jpg 300w, https:\/\/lexis.rs\/wp-content\/uploads\/2024\/10\/lexis_dete_i_doktor_o_nama-1024x1024.jpg 1024w, https:\/\/lexis.rs\/wp-content\/uploads\/2024\/10\/lexis_dete_i_doktor_o_nama-150x150.jpg 150w, https:\/\/lexis.rs\/wp-content\/uploads\/2024\/10\/lexis_dete_i_doktor_o_nama-768x768.jpg 768w, https:\/\/lexis.rs\/wp-content\/uploads\/2024\/10\/lexis_dete_i_doktor_o_nama-12x12.jpg 12w, https:\/\/lexis.rs\/wp-content\/uploads\/2024\/10\/lexis_dete_i_doktor_o_nama-500x500.jpg 500w\" sizes=\"(max-width: 1200px) 100vw, 1200px\" \/>\t\t<\/div>\n\t\t\t\t\t\t<\/div>\n\t\t\t\t<\/div>\n\t\t\t\t\t<\/div>\n\t\t<\/div>\n\t\t\t\t<div class=\"elementor-column elementor-col-50 elementor-top-column elementor-element elementor-element-7cf4412\" data-id=\"7cf4412\" data-element_type=\"column\" data-settings=\"{&quot;background_background&quot;:&quot;classic&quot;}\">\n\t\t\t<div class=\"elementor-widget-wrap elementor-element-populated\">\n\t\t\t\t\t\t<div class=\"elementor-element elementor-element-25c2bc8 elementor-widget__width-initial elementor-widget elementor-widget-text-editor\" data-id=\"25c2bc8\" data-element_type=\"widget\" data-widget_type=\"text-editor.default\">\n\t\t\t\t<div class=\"elementor-widget-container\">\n\t\t\t\t\t\t\t\t\t<p>Clients also seek our support for psychological diagnostics, problem definition, professional orientation, career selection, and the enhancement of interpersonal relationships through improved self-understanding. Some of the techniques and skills we employ are based on play therapy for children, systemic family psychotherapy, and psychoanalytical psychotherapy for adolescents and adults.<\/p>\t\t\t\t\t\t\t\t<\/div>\n\t\t\t\t<\/div>\n\t\t\t\t<div class=\"elementor-element elementor-element-7dea7a4 elementor-widget elementor-widget-raven-icon\" data-id=\"7dea7a4\" data-element_type=\"widget\" data-widget_type=\"raven-icon.default\">\n\t\t\t\t<div class=\"elementor-widget-container\">\n\t\t\t\t\t\t\t<div class=\"raven-icon-wrapper\">\n\t\t\t<a class=\"raven-icon elementor-animation-grow\" href=\"#timclanovi\">\n\t\t\t\t<i aria-hidden=\"true\" class=\"fas fa-chevron-down\"><\/i>\t\t\t<\/a>\n\t\t<\/div>\n\t\t\t\t\t\t<\/div>\n\t\t\t\t<\/div>\n\t\t\t\t\t<\/div>\n\t\t<\/div>\n\t\t\t\t\t<\/div>\n\t\t<\/section>\n\t\t\t\t<section class=\"elementor-section elementor-top-section elementor-element elementor-element-11e5f91 elementor-section-height-min-height elementor-section-boxed elementor-section-height-default elementor-section-items-middle\" data-id=\"11e5f91\" data-element_type=\"section\" id=\"timclanovi\">\n\t\t\t\t\t\t<div class=\"elementor-container elementor-column-gap-default\">\n\t\t\t\t\t<div class=\"elementor-column elementor-col-33 elementor-top-column elementor-element elementor-element-3d33e04\" data-id=\"3d33e04\" data-element_type=\"column\">\n\t\t\t<div class=\"elementor-widget-wrap elementor-element-populated\">\n\t\t\t\t\t\t<div class=\"elementor-element elementor-element-e96a29e elementor-position-top elementor-widget elementor-widget-image-box\" data-id=\"e96a29e\" data-element_type=\"widget\" data-widget_type=\"image-box.default\">\n\t\t\t\t<div class=\"elementor-widget-container\">\n\t\t\t\t\t<div class=\"elementor-image-box-wrapper\"><figure class=\"elementor-image-box-img\"><img decoding=\"async\" width=\"1200\" height=\"1200\" src=\"https:\/\/lexis.rs\/wp-content\/uploads\/2022\/10\/lexis_pro_dragana_filipovic.jpg\" class=\"attachment-full size-full wp-image-569\" alt=\"\" srcset=\"https:\/\/lexis.rs\/wp-content\/uploads\/2022\/10\/lexis_pro_dragana_filipovic.jpg 1200w, https:\/\/lexis.rs\/wp-content\/uploads\/2022\/10\/lexis_pro_dragana_filipovic-300x300.jpg 300w, https:\/\/lexis.rs\/wp-content\/uploads\/2022\/10\/lexis_pro_dragana_filipovic-1024x1024.jpg 1024w, https:\/\/lexis.rs\/wp-content\/uploads\/2022\/10\/lexis_pro_dragana_filipovic-150x150.jpg 150w, https:\/\/lexis.rs\/wp-content\/uploads\/2022\/10\/lexis_pro_dragana_filipovic-768x768.jpg 768w, https:\/\/lexis.rs\/wp-content\/uploads\/2022\/10\/lexis_pro_dragana_filipovic-12x12.jpg 12w, https:\/\/lexis.rs\/wp-content\/uploads\/2022\/10\/lexis_pro_dragana_filipovic-500x500.jpg 500w\" sizes=\"(max-width: 1200px) 100vw, 1200px\" \/><\/figure><div class=\"elementor-image-box-content\"><h3 class=\"elementor-image-box-title\">Dragana Filipovi\u0107, founder<\/h3><p class=\"elementor-image-box-description translation-block\">\u2022 Graduated Defectologist \u2013 Speech &amp; Language Therapist (University of Belgrade)\n<br>\n\u2022 Systemic Family Psychotherapist (Institute of Mental Health, Belgrade)\n<br>\n\u2022 MBA (Nottingham Trent University, United Kingdom)<\/p><\/div><\/div>\t\t\t\t<\/div>\n\t\t\t\t<\/div>\n\t\t\t\t<div class=\"elementor-element elementor-element-0f74b7d elementor-mobile-align-center elementor-widget elementor-widget-raven-button\" data-id=\"0f74b7d\" data-element_type=\"widget\" data-settings=\"{&quot;turn_to_popup_action_button&quot;:&quot;no&quot;}\" data-widget_type=\"raven-button.default\">\n\t\t\t\t<div class=\"elementor-widget-container\">\n\t\t\t\t\t\t\t<div class=\"raven-widget-wrapper\">\n\t\t\t<a class=\"raven-button raven-button-widget-normal-effect-none  raven-button-text-align-center raven-button-link elementor-animation-none\" href=\"https:\/\/lexis.rs\/en\/portfolio\/dragana-filipovic\/\">\t\t\t\t<div class=\"raven-button-overlay\" ><\/div>\n\t\t\t\t<span class=\"raven-button-content\">\n\t\t\t\t\t\n\t\t\t\t\t<div class=\"button-text-container\">\n\t\t\t\t\t\t\t\t\t\t\t\t<div class=\"raven-button-texts-wrapper\">\n\t\t\t\t\t\t\t<div class=\"button-text\">\n\t\t\t\t\t\t\t\t<span class=\"raven-button-text\">\n\t\t\t\t\t\t\t\t\tExplore more\t\t\t\t\t\t\t\t<\/span>\n\t\t\t\t\t\t\t<\/div>\n\t\t\t\t\t\t\t\t\t\t\t\t\t<\/div>\n\t\t\t\t\t\t\t\t\t\t\t<\/div>\n\t\t\t\t\t\n\t\t\t\t\t\t\t\t\t<\/span>\n\t\t\t<\/a>\t\t<\/div>\n\t\t\t\t\t\t<\/div>\n\t\t\t\t<\/div>\n\t\t\t\t\t<\/div>\n\t\t<\/div>\n\t\t\t\t<div class=\"elementor-column elementor-col-33 elementor-top-column elementor-element elementor-element-860508c\" data-id=\"860508c\" data-element_type=\"column\">\n\t\t\t<div class=\"elementor-widget-wrap elementor-element-populated\">\n\t\t\t\t\t\t<div class=\"elementor-element elementor-element-d07b9ad elementor-position-top elementor-widget elementor-widget-image-box\" data-id=\"d07b9ad\" data-element_type=\"widget\" data-widget_type=\"image-box.default\">\n\t\t\t\t<div class=\"elementor-widget-container\">\n\t\t\t\t\t<div class=\"elementor-image-box-wrapper\"><figure class=\"elementor-image-box-img\"><img loading=\"lazy\" decoding=\"async\" width=\"1200\" height=\"1200\" src=\"https:\/\/lexis.rs\/wp-content\/uploads\/2024\/11\/lexis_pro_vladimir_jovic_nova3.jpg\" class=\"attachment-full size-full wp-image-1168\" alt=\"\" srcset=\"https:\/\/lexis.rs\/wp-content\/uploads\/2024\/11\/lexis_pro_vladimir_jovic_nova3.jpg 1200w, https:\/\/lexis.rs\/wp-content\/uploads\/2024\/11\/lexis_pro_vladimir_jovic_nova3-300x300.jpg 300w, https:\/\/lexis.rs\/wp-content\/uploads\/2024\/11\/lexis_pro_vladimir_jovic_nova3-1024x1024.jpg 1024w, https:\/\/lexis.rs\/wp-content\/uploads\/2024\/11\/lexis_pro_vladimir_jovic_nova3-150x150.jpg 150w, https:\/\/lexis.rs\/wp-content\/uploads\/2024\/11\/lexis_pro_vladimir_jovic_nova3-768x768.jpg 768w, https:\/\/lexis.rs\/wp-content\/uploads\/2024\/11\/lexis_pro_vladimir_jovic_nova3-12x12.jpg 12w, https:\/\/lexis.rs\/wp-content\/uploads\/2024\/11\/lexis_pro_vladimir_jovic_nova3-500x500.jpg 500w\" sizes=\"(max-width: 1200px) 100vw, 1200px\" \/><\/figure><div class=\"elementor-image-box-content\"><h3 class=\"elementor-image-box-title\">Vladimir Jovi\u0107<\/h3><p class=\"elementor-image-box-description\">\u2022 Graduated Psychologist (Faculty of Philosophy, University of Belgrade)\n<br>\n\u2022 Specialist in Medical Psychology (Medical Faculty, University of Belgrade)\n<br>\n\u2022 Child and Adolescent Psychoanalytical Psychotherapist<\/p><\/div><\/div>\t\t\t\t<\/div>\n\t\t\t\t<\/div>\n\t\t\t\t<div class=\"elementor-element elementor-element-038e053 elementor-mobile-align-center elementor-widget elementor-widget-raven-button\" data-id=\"038e053\" data-element_type=\"widget\" data-settings=\"{&quot;turn_to_popup_action_button&quot;:&quot;no&quot;}\" data-widget_type=\"raven-button.default\">\n\t\t\t\t<div class=\"elementor-widget-container\">\n\t\t\t\t\t\t\t<div class=\"raven-widget-wrapper\">\n\t\t\t<a class=\"raven-button raven-button-widget-normal-effect-none  raven-button-text-align-center raven-button-link elementor-animation-none\" href=\"https:\/\/lexis.rs\/en\/portfolio\/vladimir-jovic\/\">\t\t\t\t<div class=\"raven-button-overlay\" ><\/div>\n\t\t\t\t<span class=\"raven-button-content\">\n\t\t\t\t\t\n\t\t\t\t\t<div class=\"button-text-container\">\n\t\t\t\t\t\t\t\t\t\t\t\t<div class=\"raven-button-texts-wrapper\">\n\t\t\t\t\t\t\t<div class=\"button-text\">\n\t\t\t\t\t\t\t\t<span class=\"raven-button-text\">\n\t\t\t\t\t\t\t\t\tExplore more\t\t\t\t\t\t\t\t<\/span>\n\t\t\t\t\t\t\t<\/div>\n\t\t\t\t\t\t\t\t\t\t\t\t\t<\/div>\n\t\t\t\t\t\t\t\t\t\t\t<\/div>\n\t\t\t\t\t\n\t\t\t\t\t\t\t\t\t<\/span>\n\t\t\t<\/a>\t\t<\/div>\n\t\t\t\t\t\t<\/div>\n\t\t\t\t<\/div>\n\t\t\t\t\t<\/div>\n\t\t<\/div>\n\t\t\t\t<div class=\"elementor-column elementor-col-33 elementor-top-column elementor-element elementor-element-598f19f\" data-id=\"598f19f\" data-element_type=\"column\">\n\t\t\t<div class=\"elementor-widget-wrap elementor-element-populated\">\n\t\t\t\t\t\t<div class=\"elementor-element elementor-element-94444fd elementor-position-top elementor-widget elementor-widget-image-box\" data-id=\"94444fd\" data-element_type=\"widget\" data-widget_type=\"image-box.default\">\n\t\t\t\t<div class=\"elementor-widget-container\">\n\t\t\t\t\t<div class=\"elementor-image-box-wrapper\"><figure class=\"elementor-image-box-img\"><img loading=\"lazy\" decoding=\"async\" width=\"1200\" height=\"1200\" src=\"https:\/\/lexis.rs\/wp-content\/uploads\/2025\/12\/lexis_pro_danijela_zlatkovic.jpg\" class=\"attachment-full size-full wp-image-1220\" alt=\"\" srcset=\"https:\/\/lexis.rs\/wp-content\/uploads\/2025\/12\/lexis_pro_danijela_zlatkovic.jpg 1200w, https:\/\/lexis.rs\/wp-content\/uploads\/2025\/12\/lexis_pro_danijela_zlatkovic-300x300.jpg 300w, https:\/\/lexis.rs\/wp-content\/uploads\/2025\/12\/lexis_pro_danijela_zlatkovic-1024x1024.jpg 1024w, https:\/\/lexis.rs\/wp-content\/uploads\/2025\/12\/lexis_pro_danijela_zlatkovic-150x150.jpg 150w, https:\/\/lexis.rs\/wp-content\/uploads\/2025\/12\/lexis_pro_danijela_zlatkovic-768x768.jpg 768w, https:\/\/lexis.rs\/wp-content\/uploads\/2025\/12\/lexis_pro_danijela_zlatkovic-12x12.jpg 12w, https:\/\/lexis.rs\/wp-content\/uploads\/2025\/12\/lexis_pro_danijela_zlatkovic-500x500.jpg 500w\" sizes=\"(max-width: 1200px) 100vw, 1200px\" \/><\/figure><div class=\"elementor-image-box-content\"><h3 class=\"elementor-image-box-title\">Danijela Zlatkovi\u0107<\/h3><p class=\"elementor-image-box-description\">Diplomirani defektolog - logoped<br>(Univerzitet u Beogradu)\n<br>\n<br>\n<br>\n<br><\/p><\/div><\/div>\t\t\t\t<\/div>\n\t\t\t\t<\/div>\n\t\t\t\t<div class=\"elementor-element elementor-element-c17a341 elementor-mobile-align-center elementor-widget elementor-widget-raven-button\" data-id=\"c17a341\" data-element_type=\"widget\" data-settings=\"{&quot;turn_to_popup_action_button&quot;:&quot;no&quot;}\" data-widget_type=\"raven-button.default\">\n\t\t\t\t<div class=\"elementor-widget-container\">\n\t\t\t\t\t\t\t<div class=\"raven-widget-wrapper\">\n\t\t\t<a class=\"raven-button raven-button-widget-normal-effect-none  raven-button-text-align-center raven-button-link elementor-animation-none\" href=\"https:\/\/lexis.rs\/en\/portfolio\/danijela-zlatkovic\/\">\t\t\t\t<div class=\"raven-button-overlay\" ><\/div>\n\t\t\t\t<span class=\"raven-button-content\">\n\t\t\t\t\t\n\t\t\t\t\t<div class=\"button-text-container\">\n\t\t\t\t\t\t\t\t\t\t\t\t<div class=\"raven-button-texts-wrapper\">\n\t\t\t\t\t\t\t<div class=\"button-text\">\n\t\t\t\t\t\t\t\t<span class=\"raven-button-text\">\n\t\t\t\t\t\t\t\t\tExplore more\t\t\t\t\t\t\t\t<\/span>\n\t\t\t\t\t\t\t<\/div>\n\t\t\t\t\t\t\t\t\t\t\t\t\t<\/div>\n\t\t\t\t\t\t\t\t\t\t\t<\/div>\n\t\t\t\t\t\n\t\t\t\t\t\t\t\t\t<\/span>\n\t\t\t<\/a>\t\t<\/div>\n\t\t\t\t\t\t<\/div>\n\t\t\t\t<\/div>\n\t\t\t\t\t<\/div>\n\t\t<\/div>\n\t\t\t\t\t<\/div>\n\t\t<\/section>\n\t\t\t\t<section class=\"elementor-section elementor-top-section elementor-element elementor-element-b1426d5 elementor-section-boxed elementor-section-height-default elementor-section-height-default\" data-id=\"b1426d5\" data-element_type=\"section\">\n\t\t\t\t\t\t<div class=\"elementor-container elementor-column-gap-default\">\n\t\t\t\t\t<div class=\"elementor-column elementor-col-100 elementor-top-column elementor-element elementor-element-fb77ede\" data-id=\"fb77ede\" data-element_type=\"column\">\n\t\t\t<div class=\"elementor-widget-wrap elementor-element-populated\">\n\t\t\t\t\t\t<div class=\"elementor-element elementor-element-2bce724 raven-cta--skin-classic elementor-animated-content raven-bg-transform raven-bg-transform-zoom-in elementor-widget elementor-widget-raven-call-to-action\" data-id=\"2bce724\" data-element_type=\"widget\" data-widget_type=\"raven-call-to-action.default\">\n\t\t\t\t<div class=\"elementor-widget-container\">\n\t\t\t\t\t<div  class=\"raven-cta\">\n\t\t\t\t\t\t\t<div class=\"raven-cta__content\">\n\t\t\t\t\n\t\t\t\t<h2 class=\"raven-cta__title raven-cta__content-item elementor-content-item\">Our goal is growth, development, and support of our clients. Courageously, confidently, together!<\/h2>\n\t\t\t\t\t\t\t\t\t<div class=\"raven-cta__description raven-cta__content-item elementor-content-item\">\n\t\t\t\t\t\tArrange your first appointment\t\t\t\t\t<\/div>\n\t\t\t\t\n\t\t\t\t\t\t\t\t\t<div class=\"raven-cta__button-wrapper raven-cta__content-item elementor-content-item\">\n\t\t\t\t\t<a class=\"raven-cta__button elementor-button\">\n\t\t\t\t\t\t+381 69 13 03 505\t\t\t\t\t<\/a>\n\t\t\t\t\t<\/div>\n\t\t\t\t\n\t\t\t\t\t\t\t<\/div>\n\t\t\t\t<\/div>\n\t\t\t\t\t\t<\/div>\n\t\t\t\t<\/div>\n\t\t\t\t\t<\/div>\n\t\t<\/div>\n\t\t\t\t\t<\/div>\n\t\t<\/section>\n\t\t\t\t<\/div>","protected":false},"excerpt":{"rendered":"<p>Lexis centar \u010dini odabrani tima stru\u010dnjaka iz oblasti logopedije, psihologije i psihoterapije. Nudimo dijagnostiku, prevenciju i terapiju logopedskih i psiholo\u0161kih problema. Na\u0161a znanja i iskustvo posebno su korisna deci, roditeljima, partnerima i pojedincima koji se suo\u010davaju sa razvojnim krizama, kao \u0161to su formiranje porodice, razvojne pote\u0161ko\u0107e kod dece, problemi u u\u010denju, tinejd\u017eerski period, partnerstvo i [&hellip;]<\/p>","protected":false},"author":1,"featured_media":0,"parent":0,"menu_order":0,"comment_status":"closed","ping_status":"closed","template":"elementor_header_footer","meta":{"_acf_changed":false,"footnotes":""},"class_list":["post-72","page","type-page","status-publish","hentry"],"acf":[],"_links":{"self":[{"href":"https:\/\/lexis.rs\/en\/wp-json\/wp\/v2\/pages\/72","targetHints":{"allow":["GET"]}}],"collection":[{"href":"https:\/\/lexis.rs\/en\/wp-json\/wp\/v2\/pages"}],"about":[{"href":"https:\/\/lexis.rs\/en\/wp-json\/wp\/v2\/types\/page"}],"author":[{"embeddable":true,"href":"https:\/\/lexis.rs\/en\/wp-json\/wp\/v2\/users\/1"}],"replies":[{"embeddable":true,"href":"https:\/\/lexis.rs\/en\/wp-json\/wp\/v2\/comments?post=72"}],"version-history":[{"count":85,"href":"https:\/\/lexis.rs\/en\/wp-json\/wp\/v2\/pages\/72\/revisions"}],"predecessor-version":[{"id":1245,"href":"https:\/\/lexis.rs\/en\/wp-json\/wp\/v2\/pages\/72\/revisions\/1245"}],"wp:attachment":[{"href":"https:\/\/lexis.rs\/en\/wp-json\/wp\/v2\/media?parent=72"}],"curies":[{"name":"wp","href":"https:\/\/api.w.org\/{rel}","templated":true}]}}