{"id":918,"date":"2024-10-18T14:07:15","date_gmt":"2024-10-18T14:07:15","guid":{"rendered":"https:\/\/lexis.rs\/?page_id=918"},"modified":"2024-11-05T12:14:33","modified_gmt":"2024-11-05T12:14:33","slug":"psihoterapija-adolescenata-i-odraslih","status":"publish","type":"page","link":"https:\/\/lexis.rs\/en\/psihoterapija-adolescenata-i-odraslih\/","title":{"rendered":"Psychotherapy for adolescents and adults"},"content":{"rendered":"<div data-elementor-type=\"wp-page\" data-elementor-id=\"918\" class=\"elementor elementor-918\">\n\t\t\t\t\t\t<section class=\"elementor-section elementor-top-section elementor-element elementor-element-cc509cc elementor-section-height-min-height elementor-section-stretched elementor-section-boxed elementor-section-height-default elementor-section-items-middle\" data-id=\"cc509cc\" data-element_type=\"section\" data-settings=\"{&quot;stretch_section&quot;:&quot;section-stretched&quot;,&quot;background_background&quot;:&quot;classic&quot;}\">\n\t\t\t\t\t\t<div class=\"elementor-container elementor-column-gap-default\">\n\t\t\t\t\t<div class=\"elementor-column elementor-col-50 elementor-top-column elementor-element elementor-element-3c14e1d\" data-id=\"3c14e1d\" data-element_type=\"column\" data-settings=\"{&quot;background_background&quot;:&quot;classic&quot;}\">\n\t\t\t<div class=\"elementor-widget-wrap elementor-element-populated\">\n\t\t\t\t\t\t<div class=\"elementor-element elementor-element-66a39f8 elementor-widget elementor-widget-heading\" data-id=\"66a39f8\" data-element_type=\"widget\" data-widget_type=\"heading.default\">\n\t\t\t\t<div class=\"elementor-widget-container\">\n\t\t\t\t\t<h2 class=\"elementor-heading-title elementor-size-default\">Psychotherapy for adolescents and adults<\/h2>\t\t\t\t<\/div>\n\t\t\t\t<\/div>\n\t\t\t\t<div class=\"elementor-element elementor-element-87e044e elementor-widget__width-initial elementor-widget elementor-widget-text-editor\" data-id=\"87e044e\" data-element_type=\"widget\" data-widget_type=\"text-editor.default\">\n\t\t\t\t<div class=\"elementor-widget-container\">\n\t\t\t\t\t\t\t\t\t<p>is grounded in the principles of contemporary clinical psychology and modern psychoanalysis.<\/p>\t\t\t\t\t\t\t\t<\/div>\n\t\t\t\t<\/div>\n\t\t\t\t<div class=\"elementor-element elementor-element-ef78010 elementor-widget elementor-widget-raven-icon\" data-id=\"ef78010\" data-element_type=\"widget\" data-widget_type=\"raven-icon.default\">\n\t\t\t\t<div class=\"elementor-widget-container\">\n\t\t\t\t\t\t\t<div class=\"raven-icon-wrapper\">\n\t\t\t<a class=\"raven-icon elementor-animation-grow\" href=\"#odraslidrugi\">\n\t\t\t\t<i aria-hidden=\"true\" class=\"fas fa-chevron-down\"><\/i>\t\t\t<\/a>\n\t\t<\/div>\n\t\t\t\t\t\t<\/div>\n\t\t\t\t<\/div>\n\t\t\t\t\t<\/div>\n\t\t<\/div>\n\t\t\t\t<div class=\"elementor-column elementor-col-50 elementor-top-column elementor-element elementor-element-aabca98\" data-id=\"aabca98\" data-element_type=\"column\">\n\t\t\t<div class=\"elementor-widget-wrap\">\n\t\t\t\t\t\t\t<\/div>\n\t\t<\/div>\n\t\t\t\t\t<\/div>\n\t\t<\/section>\n\t\t\t\t<section class=\"elementor-section elementor-top-section elementor-element elementor-element-1806ad1 elementor-section-height-min-height elementor-section-stretched elementor-section-boxed elementor-section-height-default elementor-section-items-middle\" data-id=\"1806ad1\" data-element_type=\"section\" id=\"odraslidrugi\" data-settings=\"{&quot;stretch_section&quot;:&quot;section-stretched&quot;,&quot;background_background&quot;:&quot;classic&quot;}\">\n\t\t\t\t\t\t<div class=\"elementor-container elementor-column-gap-default\">\n\t\t\t\t\t<div class=\"elementor-column elementor-col-100 elementor-top-column elementor-element elementor-element-547fdc1\" data-id=\"547fdc1\" data-element_type=\"column\">\n\t\t\t<div class=\"elementor-widget-wrap elementor-element-populated\">\n\t\t\t\t\t\t<div class=\"elementor-element elementor-element-25c2bc8 elementor-widget__width-initial elementor-widget elementor-widget-text-editor\" data-id=\"25c2bc8\" data-element_type=\"widget\" data-widget_type=\"text-editor.default\">\n\t\t\t\t<div class=\"elementor-widget-container\">\n\t\t\t\t\t\t\t\t\t<p>In working with adolescents, depending on their age and specific needs, the therapeutic process may also involve family members, therepy ensuring a comprehensive approach to addressing emotional and developmental challenges.<\/p>\t\t\t\t\t\t\t\t<\/div>\n\t\t\t\t<\/div>\n\t\t\t\t<section class=\"elementor-section elementor-inner-section elementor-element elementor-element-9533e17 elementor-section-boxed elementor-section-height-default elementor-section-height-default\" data-id=\"9533e17\" data-element_type=\"section\">\n\t\t\t\t\t\t<div class=\"elementor-container elementor-column-gap-default\">\n\t\t\t\t\t<div class=\"elementor-column elementor-col-50 elementor-inner-column elementor-element elementor-element-cb42915\" data-id=\"cb42915\" data-element_type=\"column\">\n\t\t\t<div class=\"elementor-widget-wrap elementor-element-populated\">\n\t\t\t\t\t\t<div class=\"elementor-element elementor-element-3a0746a elementor-widget elementor-widget-heading\" data-id=\"3a0746a\" data-element_type=\"widget\" data-widget_type=\"heading.default\">\n\t\t\t\t<div class=\"elementor-widget-container\">\n\t\t\t\t\t<h2 class=\"elementor-heading-title elementor-size-default\">The therapy is conducted by a clinical psychologist<\/h2>\t\t\t\t<\/div>\n\t\t\t\t<\/div>\n\t\t\t\t\t<\/div>\n\t\t<\/div>\n\t\t\t\t<div class=\"elementor-column elementor-col-50 elementor-inner-column elementor-element elementor-element-5a8dc40\" data-id=\"5a8dc40\" data-element_type=\"column\">\n\t\t\t<div class=\"elementor-widget-wrap elementor-element-populated\">\n\t\t\t\t\t\t<div class=\"elementor-element elementor-element-de7834b elementor-widget__width-initial elementor-widget elementor-widget-text-editor\" data-id=\"de7834b\" data-element_type=\"widget\" data-widget_type=\"text-editor.default\">\n\t\t\t\t<div class=\"elementor-widget-container\">\n\t\t\t\t\t\t\t\t\t<p>specialised in medical psychology, who possesses extensive experience in working with both adolescents and adults. This approach facilitates a thorough understanding of and engagement with complex psychological conditions, providing support in overcoming a variety of emotional and psychological challenges.<\/p>\t\t\t\t\t\t\t\t<\/div>\n\t\t\t\t<\/div>\n\t\t\t\t\t<\/div>\n\t\t<\/div>\n\t\t\t\t\t<\/div>\n\t\t<\/section>\n\t\t\t\t\t<\/div>\n\t\t<\/div>\n\t\t\t\t\t<\/div>\n\t\t<\/section>\n\t\t\t\t<section class=\"elementor-section elementor-top-section elementor-element elementor-element-d3752b5 elementor-section-boxed elementor-section-height-default elementor-section-height-default\" data-id=\"d3752b5\" data-element_type=\"section\">\n\t\t\t\t\t\t<div class=\"elementor-container elementor-column-gap-default\">\n\t\t\t\t\t<div class=\"elementor-column elementor-col-100 elementor-top-column elementor-element elementor-element-329580b\" data-id=\"329580b\" data-element_type=\"column\">\n\t\t\t<div class=\"elementor-widget-wrap elementor-element-populated\">\n\t\t\t\t\t\t<div class=\"elementor-element elementor-element-7484670 raven-cta--skin-classic elementor-animated-content raven-bg-transform raven-bg-transform-zoom-in elementor-widget elementor-widget-raven-call-to-action\" data-id=\"7484670\" data-element_type=\"widget\" data-widget_type=\"raven-call-to-action.default\">\n\t\t\t\t<div class=\"elementor-widget-container\">\n\t\t\t\t\t<div  class=\"raven-cta\">\n\t\t\t\t\t\t\t<div class=\"raven-cta__content\">\n\t\t\t\t\n\t\t\t\t<h2 class=\"raven-cta__title raven-cta__content-item elementor-content-item\">Our goal is growth, development, and support of our clients. Courageously, confidently, together!<\/h2>\n\t\t\t\t\t\t\t\t\t<div class=\"raven-cta__description raven-cta__content-item elementor-content-item\">\n\t\t\t\t\t\tArrange your first appointment\t\t\t\t\t<\/div>\n\t\t\t\t\n\t\t\t\t\t\t\t\t\t<div class=\"raven-cta__button-wrapper raven-cta__content-item elementor-content-item\">\n\t\t\t\t\t<a class=\"raven-cta__button elementor-button\">\n\t\t\t\t\t\t+381 69 13 03 505\t\t\t\t\t<\/a>\n\t\t\t\t\t<\/div>\n\t\t\t\t\n\t\t\t\t\t\t\t<\/div>\n\t\t\t\t<\/div>\n\t\t\t\t\t\t<\/div>\n\t\t\t\t<\/div>\n\t\t\t\t\t<\/div>\n\t\t<\/div>\n\t\t\t\t\t<\/div>\n\t\t<\/section>\n\t\t\t\t<\/div>","protected":false},"excerpt":{"rendered":"<p>Psihoterapija adolescenata i odraslih zasniva se na principima savremene klini\u010dke psihologije i savremene psihoanalize. U radu sa adolescentima, u zavisnosti od uzrasta i specifi\u010dnih potreba, u terapijski proces mo\u017ee biti uklju\u010dena i porodica, \u010dime se osigurava sveobuhvatan pristup u tretmanu emocionalnih i razvojnih pote\u0161ko\u0107a. Terapiju sprovodi klini\u010dki psiholog specijalista medicinske psihologije, sa dugogodi\u0161njim iskustvom u [&hellip;]<\/p>","protected":false},"author":1,"featured_media":0,"parent":0,"menu_order":0,"comment_status":"closed","ping_status":"closed","template":"elementor_header_footer","meta":{"_acf_changed":false,"footnotes":""},"class_list":["post-918","page","type-page","status-publish","hentry"],"acf":[],"_links":{"self":[{"href":"https:\/\/lexis.rs\/en\/wp-json\/wp\/v2\/pages\/918","targetHints":{"allow":["GET"]}}],"collection":[{"href":"https:\/\/lexis.rs\/en\/wp-json\/wp\/v2\/pages"}],"about":[{"href":"https:\/\/lexis.rs\/en\/wp-json\/wp\/v2\/types\/page"}],"author":[{"embeddable":true,"href":"https:\/\/lexis.rs\/en\/wp-json\/wp\/v2\/users\/1"}],"replies":[{"embeddable":true,"href":"https:\/\/lexis.rs\/en\/wp-json\/wp\/v2\/comments?post=918"}],"version-history":[{"count":10,"href":"https:\/\/lexis.rs\/en\/wp-json\/wp\/v2\/pages\/918\/revisions"}],"predecessor-version":[{"id":1186,"href":"https:\/\/lexis.rs\/en\/wp-json\/wp\/v2\/pages\/918\/revisions\/1186"}],"wp:attachment":[{"href":"https:\/\/lexis.rs\/en\/wp-json\/wp\/v2\/media?parent=918"}],"curies":[{"name":"wp","href":"https:\/\/api.w.org\/{rel}","templated":true}]}}